{"id":2369,"date":"2025-01-22T11:17:59","date_gmt":"2025-01-22T11:17:59","guid":{"rendered":"https:\/\/new.camillaofbourbonfoundation.org\/blog\/"},"modified":"2026-01-22T16:35:49","modified_gmt":"2026-01-22T16:35:49","slug":"blog","status":"publish","type":"page","link":"https:\/\/camillaofbourbonfoundation.org\/es\/blog\/","title":{"rendered":"Blog"},"content":{"rendered":"\t\t<div data-elementor-type=\"wp-page\" data-elementor-id=\"2369\" class=\"elementor elementor-2369 elementor-88\" data-elementor-post-type=\"page\">\n\t\t\t\t\t\t<section class=\"elementor-section elementor-top-section elementor-element elementor-element-3297d3b elementor-section-height-min-height elementor-section-boxed elementor-section-height-default elementor-section-items-middle\" data-id=\"3297d3b\" data-element_type=\"section\" data-settings=\"{&quot;background_background&quot;:&quot;video&quot;,&quot;background_video_link&quot;:&quot;https:\\\/\\\/camillaofbourbonfoundation.org\\\/wp-content\\\/uploads\\\/2025\\\/01\\\/video-sfondo-onde-2.mp4&quot;,&quot;background_play_on_mobile&quot;:&quot;yes&quot;}\">\n\t\t\t\t\t\t\t\t<div class=\"elementor-background-video-container\">\n\t\t\t\t\t\t\t\t\t\t\t\t\t<video class=\"elementor-background-video-hosted\" autoplay muted playsinline loop><\/video>\n\t\t\t\t\t\t\t\t\t\t\t<\/div>\n\t\t\t\t\t\t\t\t\t<div class=\"elementor-background-overlay\"><\/div>\n\t\t\t\t\t\t\t<div class=\"elementor-container elementor-column-gap-default\">\n\t\t\t\t\t<div class=\"elementor-column elementor-col-100 elementor-top-column elementor-element elementor-element-be613d8\" data-id=\"be613d8\" data-element_type=\"column\">\n\t\t\t<div class=\"elementor-widget-wrap elementor-element-populated\">\n\t\t\t\t\t\t<div class=\"elementor-element elementor-element-bcf5626 elementor-widget elementor-widget-heading\" data-id=\"bcf5626\" data-element_type=\"widget\" data-widget_type=\"heading.default\">\n\t\t\t\t<div class=\"elementor-widget-container\">\n\t\t\t\t\t<h2 class=\"elementor-heading-title elementor-size-default\">Blog<\/h2>\t\t\t\t<\/div>\n\t\t\t\t<\/div>\n\t\t\t\t\t<\/div>\n\t\t<\/div>\n\t\t\t\t\t<\/div>\n\t\t<\/section>\n\t\t<div class=\"elementor-element elementor-element-c40e8a8 e-flex e-con-boxed e-con e-parent\" data-id=\"c40e8a8\" data-element_type=\"container\">\n\t\t\t\t\t<div class=\"e-con-inner\">\n\t\t<div class=\"elementor-element elementor-element-e471998 e-con-full e-flex e-con e-child\" data-id=\"e471998\" data-element_type=\"container\">\n\t\t\t\t<div class=\"elementor-element elementor-element-86aaba6 elementor-hidden-desktop elementor-hidden-tablet elementor-hidden-mobile elementor-widget elementor-widget-image\" data-id=\"86aaba6\" data-element_type=\"widget\" data-widget_type=\"image.default\">\n\t\t\t\t<div class=\"elementor-widget-container\">\n\t\t\t\t\t\t\t\t\t\t\t\t\t\t\t<img decoding=\"async\" width=\"200\" height=\"200\" src=\"https:\/\/camillaofbourbonfoundation.org\/wp-content\/uploads\/2025\/01\/Princess-Camilla-of-Bourbon-Charitable-Foundation-otguhig9ke7ztiq91s9simlrqp4lbi1akn07n2r6xc.jpg\" class=\"attachment-large size-large wp-image-542\" alt=\"\" srcset=\"https:\/\/camillaofbourbonfoundation.org\/wp-content\/uploads\/2025\/01\/Princess-Camilla-of-Bourbon-Charitable-Foundation-otguhig9ke7ztiq91s9simlrqp4lbi1akn07n2r6xc.jpg 200w, https:\/\/camillaofbourbonfoundation.org\/wp-content\/uploads\/2025\/01\/Princess-Camilla-of-Bourbon-Charitable-Foundation-otguhig9ke7ztiq91s9simlrqp4lbi1akn07n2r6xc-150x150.jpg 150w\" sizes=\"(max-width: 200px) 100vw, 200px\" \/>\t\t\t\t\t\t\t\t\t\t\t\t\t\t\t<\/div>\n\t\t\t\t<\/div>\n\t\t\t\t<div class=\"elementor-element elementor-element-e1a0238 elementor-widget elementor-widget-heading\" data-id=\"e1a0238\" data-element_type=\"widget\" data-widget_type=\"heading.default\">\n\t\t\t\t<div class=\"elementor-widget-container\">\n\t\t\t\t\t<h2 class=\"elementor-heading-title elementor-size-default\">Inspirar el cambio, una iniciativa a la vez<\/h2>\t\t\t\t<\/div>\n\t\t\t\t<\/div>\n\t\t\t\t<div class=\"elementor-element elementor-element-633eaac elementor-widget elementor-widget-text-editor\" data-id=\"633eaac\" data-element_type=\"widget\" data-widget_type=\"text-editor.default\">\n\t\t\t\t<div class=\"elementor-widget-container\">\n\t\t\t\t\t\t\t\t\t<p>En la Camilla of Bourbon Charitable Foundation, nuestra misi\u00f3n va m\u00e1s all\u00e1 de las palabras: se trata de un impacto tangible. A trav\u00e9s de nuestro blog, compartimos informaci\u00f3n actualizada sobre nuestros proyectos, perspectivas sobre los retos mundiales e historias de transformaci\u00f3n impulsadas por nuestro compromiso con la caridad, la protecci\u00f3n del medio ambiente y el desarrollo cient\u00edfico.<\/p><p>Desde iniciativas de sostenibilidad hasta programas educativos, nuestro objetivo es crear un cambio significativo, especialmente en los mercados emergentes, donde la innovaci\u00f3n y el apoyo pueden marcar la mayor diferencia. S\u00edganos para conocer las \u00faltimas noticias, colaboraciones e iniciativas que reflejan nuestra dedicaci\u00f3n a un futuro mejor.<\/p><p>Juntos podemos convertir la visi\u00f3n en acci\u00f3n. Mantente inspirado. Sigas comprometido.<\/p>\t\t\t\t\t\t\t\t<\/div>\n\t\t\t\t<\/div>\n\t\t\t\t<\/div>\n\t\t<div class=\"elementor-element elementor-element-538be9a e-con-full e-flex e-con e-child\" data-id=\"538be9a\" data-element_type=\"container\">\n\t\t\t\t<\/div>\n\t\t\t\t\t<\/div>\n\t\t\t\t<\/div>\n\t\t\t\t<section class=\"elementor-section elementor-top-section elementor-element elementor-element-6613039d elementor-section-boxed elementor-section-height-default elementor-section-height-default\" data-id=\"6613039d\" data-element_type=\"section\">\n\t\t\t\t\t\t<div class=\"elementor-container elementor-column-gap-default\">\n\t\t\t\t\t<div class=\"elementor-column elementor-col-100 elementor-top-column elementor-element elementor-element-70533235\" data-id=\"70533235\" data-element_type=\"column\">\n\t\t\t<div class=\"elementor-widget-wrap elementor-element-populated\">\n\t\t\t\t\t\t\t<\/div>\n\t\t<\/div>\n\t\t\t\t\t<\/div>\n\t\t<\/section>\n\t\t\t\t<\/div>\n\t\t","protected":false},"excerpt":{"rendered":"<p>Blog Inspirar el cambio, una iniciativa a la vez En la Camilla of Bourbon Charitable Foundation, nuestra misi\u00f3n va m\u00e1s all\u00e1 de las palabras: se trata de un impacto tangible. A trav\u00e9s de nuestro blog, compartimos informaci\u00f3n actualizada sobre nuestros proyectos, perspectivas sobre los retos mundiales e historias de transformaci\u00f3n impulsadas por nuestro compromiso con [&hellip;]<\/p>\n","protected":false},"author":1,"featured_media":0,"parent":0,"menu_order":0,"comment_status":"closed","ping_status":"closed","template":"elementor_header_footer","meta":{"footnotes":""},"class_list":["post-2369","page","type-page","status-publish","hentry"],"yoast_head":"<!-- This site is optimized with the Yoast SEO plugin v24.8.1 - https:\/\/yoast.com\/wordpress\/plugins\/seo\/ -->\n<title>- Camilla Of Boubon Foundation<\/title>\n<meta name=\"description\" content=\"Blog - A trav\u00e9s de nuestro blog, compartimos actualizaciones sobre nuestros proyectos, perspectivas sobre desaf\u00edos globales y historias de transformaci\u00f3n impulsadas por nuestro compromiso con la caridad, la protecci\u00f3n del medio ambiente y el desarrollo cient\u00edfico.\" \/>\n<meta name=\"robots\" content=\"index, follow, max-snippet:-1, max-image-preview:large, max-video-preview:-1\" \/>\n<link rel=\"canonical\" href=\"https:\/\/camillaofbourbonfoundation.org\/es\/blog\/\" \/>\n<meta property=\"og:locale\" content=\"es_ES\" \/>\n<meta property=\"og:type\" content=\"article\" \/>\n<meta property=\"og:title\" content=\"- Camilla Of Boubon Foundation\" \/>\n<meta property=\"og:description\" content=\"Blog - A trav\u00e9s de nuestro blog, compartimos actualizaciones sobre nuestros proyectos, perspectivas sobre desaf\u00edos globales y historias de transformaci\u00f3n impulsadas por nuestro compromiso con la caridad, la protecci\u00f3n del medio ambiente y el desarrollo cient\u00edfico.\" \/>\n<meta property=\"og:url\" content=\"https:\/\/camillaofbourbonfoundation.org\/es\/blog\/\" \/>\n<meta property=\"og:site_name\" content=\"Camilla Of Boubon Foundation\" \/>\n<meta property=\"article:modified_time\" content=\"2026-01-22T16:35:49+00:00\" \/>\n<meta property=\"og:image\" content=\"https:\/\/camillaofbourbonfoundation.org\/wp-content\/uploads\/2025\/01\/Princess-Camilla-of-Bourbon-Charitable-Foundation-otguhig9ke7ztiq91s9simlrqp4lbi1akn07n2r6xc.jpg\" \/>\n\t<meta property=\"og:image:width\" content=\"200\" \/>\n\t<meta property=\"og:image:height\" content=\"200\" \/>\n\t<meta property=\"og:image:type\" content=\"image\/jpeg\" \/>\n<meta name=\"twitter:card\" content=\"summary_large_image\" \/>\n<meta name=\"twitter:label1\" content=\"Tiempo de lectura\" \/>\n\t<meta name=\"twitter:data1\" content=\"15 minutos\" \/>\n<script type=\"application\/ld+json\" class=\"yoast-schema-graph\">{\"@context\":\"https:\/\/schema.org\",\"@graph\":[{\"@type\":\"WebPage\",\"@id\":\"https:\/\/camillaofbourbonfoundation.org\/es\/blog\/\",\"url\":\"https:\/\/camillaofbourbonfoundation.org\/es\/blog\/\",\"name\":\"- Camilla Of Boubon Foundation\",\"isPartOf\":{\"@id\":\"https:\/\/camillaofbourbonfoundation.org\/es\/#website\"},\"primaryImageOfPage\":{\"@id\":\"https:\/\/camillaofbourbonfoundation.org\/es\/blog\/#primaryimage\"},\"image\":{\"@id\":\"https:\/\/camillaofbourbonfoundation.org\/es\/blog\/#primaryimage\"},\"thumbnailUrl\":\"https:\/\/camillaofbourbonfoundation.org\/wp-content\/uploads\/2025\/01\/Princess-Camilla-of-Bourbon-Charitable-Foundation-otguhig9ke7ztiq91s9simlrqp4lbi1akn07n2r6xc.jpg\",\"datePublished\":\"2025-01-22T11:17:59+00:00\",\"dateModified\":\"2026-01-22T16:35:49+00:00\",\"description\":\"Blog - A trav\u00e9s de nuestro blog, compartimos actualizaciones sobre nuestros proyectos, perspectivas sobre desaf\u00edos globales y historias de transformaci\u00f3n impulsadas por nuestro compromiso con la caridad, la protecci\u00f3n del medio ambiente y el desarrollo cient\u00edfico.\",\"breadcrumb\":{\"@id\":\"https:\/\/camillaofbourbonfoundation.org\/es\/blog\/#breadcrumb\"},\"inLanguage\":\"es\",\"potentialAction\":[{\"@type\":\"ReadAction\",\"target\":[\"https:\/\/camillaofbourbonfoundation.org\/es\/blog\/\"]}]},{\"@type\":\"ImageObject\",\"inLanguage\":\"es\",\"@id\":\"https:\/\/camillaofbourbonfoundation.org\/es\/blog\/#primaryimage\",\"url\":\"https:\/\/camillaofbourbonfoundation.org\/wp-content\/uploads\/2025\/01\/Princess-Camilla-of-Bourbon-Charitable-Foundation-otguhig9ke7ztiq91s9simlrqp4lbi1akn07n2r6xc.jpg\",\"contentUrl\":\"https:\/\/camillaofbourbonfoundation.org\/wp-content\/uploads\/2025\/01\/Princess-Camilla-of-Bourbon-Charitable-Foundation-otguhig9ke7ztiq91s9simlrqp4lbi1akn07n2r6xc.jpg\"},{\"@type\":\"BreadcrumbList\",\"@id\":\"https:\/\/camillaofbourbonfoundation.org\/es\/blog\/#breadcrumb\",\"itemListElement\":[{\"@type\":\"ListItem\",\"position\":1,\"name\":\"Home\",\"item\":\"https:\/\/camillaofbourbonfoundation.org\/es\/\"},{\"@type\":\"ListItem\",\"position\":2,\"name\":\"Blog\"}]},{\"@type\":\"WebSite\",\"@id\":\"https:\/\/camillaofbourbonfoundation.org\/es\/#website\",\"url\":\"https:\/\/camillaofbourbonfoundation.org\/es\/\",\"name\":\"Camilla Of Boubon Foundation\",\"description\":\"\",\"publisher\":{\"@id\":\"https:\/\/camillaofbourbonfoundation.org\/es\/#organization\"},\"potentialAction\":[{\"@type\":\"SearchAction\",\"target\":{\"@type\":\"EntryPoint\",\"urlTemplate\":\"https:\/\/camillaofbourbonfoundation.org\/es\/?s={search_term_string}\"},\"query-input\":{\"@type\":\"PropertyValueSpecification\",\"valueRequired\":true,\"valueName\":\"search_term_string\"}}],\"inLanguage\":\"es\"},{\"@type\":\"Organization\",\"@id\":\"https:\/\/camillaofbourbonfoundation.org\/es\/#organization\",\"name\":\"Camilla Of Boubon Foundation\",\"url\":\"https:\/\/camillaofbourbonfoundation.org\/es\/\",\"logo\":{\"@type\":\"ImageObject\",\"inLanguage\":\"es\",\"@id\":\"https:\/\/camillaofbourbonfoundation.org\/es\/#\/schema\/logo\/image\/\",\"url\":\"https:\/\/camillaofbourbonfoundation.org\/wp-content\/uploads\/2025\/01\/princess-camilla-of-bourbon-charity-foundation-400-x-80.png\",\"contentUrl\":\"https:\/\/camillaofbourbonfoundation.org\/wp-content\/uploads\/2025\/01\/princess-camilla-of-bourbon-charity-foundation-400-x-80.png\",\"width\":400,\"height\":80,\"caption\":\"Camilla Of Boubon Foundation\"},\"image\":{\"@id\":\"https:\/\/camillaofbourbonfoundation.org\/es\/#\/schema\/logo\/image\/\"}}]}<\/script>\n<!-- \/ Yoast SEO plugin. -->","yoast_head_json":{"title":"- Camilla Of Boubon Foundation","description":"Blog - A trav\u00e9s de nuestro blog, compartimos actualizaciones sobre nuestros proyectos, perspectivas sobre desaf\u00edos globales y historias de transformaci\u00f3n impulsadas por nuestro compromiso con la caridad, la protecci\u00f3n del medio ambiente y el desarrollo cient\u00edfico.","robots":{"index":"index","follow":"follow","max-snippet":"max-snippet:-1","max-image-preview":"max-image-preview:large","max-video-preview":"max-video-preview:-1"},"canonical":"https:\/\/camillaofbourbonfoundation.org\/es\/blog\/","og_locale":"es_ES","og_type":"article","og_title":"- Camilla Of Boubon Foundation","og_description":"Blog - A trav\u00e9s de nuestro blog, compartimos actualizaciones sobre nuestros proyectos, perspectivas sobre desaf\u00edos globales y historias de transformaci\u00f3n impulsadas por nuestro compromiso con la caridad, la protecci\u00f3n del medio ambiente y el desarrollo cient\u00edfico.","og_url":"https:\/\/camillaofbourbonfoundation.org\/es\/blog\/","og_site_name":"Camilla Of Boubon Foundation","article_modified_time":"2026-01-22T16:35:49+00:00","og_image":[{"width":200,"height":200,"url":"https:\/\/camillaofbourbonfoundation.org\/wp-content\/uploads\/2025\/01\/Princess-Camilla-of-Bourbon-Charitable-Foundation-otguhig9ke7ztiq91s9simlrqp4lbi1akn07n2r6xc.jpg","type":"image\/jpeg"}],"twitter_card":"summary_large_image","twitter_misc":{"Tiempo de lectura":"15 minutos"},"schema":{"@context":"https:\/\/schema.org","@graph":[{"@type":"WebPage","@id":"https:\/\/camillaofbourbonfoundation.org\/es\/blog\/","url":"https:\/\/camillaofbourbonfoundation.org\/es\/blog\/","name":"- Camilla Of Boubon Foundation","isPartOf":{"@id":"https:\/\/camillaofbourbonfoundation.org\/es\/#website"},"primaryImageOfPage":{"@id":"https:\/\/camillaofbourbonfoundation.org\/es\/blog\/#primaryimage"},"image":{"@id":"https:\/\/camillaofbourbonfoundation.org\/es\/blog\/#primaryimage"},"thumbnailUrl":"https:\/\/camillaofbourbonfoundation.org\/wp-content\/uploads\/2025\/01\/Princess-Camilla-of-Bourbon-Charitable-Foundation-otguhig9ke7ztiq91s9simlrqp4lbi1akn07n2r6xc.jpg","datePublished":"2025-01-22T11:17:59+00:00","dateModified":"2026-01-22T16:35:49+00:00","description":"Blog - A trav\u00e9s de nuestro blog, compartimos actualizaciones sobre nuestros proyectos, perspectivas sobre desaf\u00edos globales y historias de transformaci\u00f3n impulsadas por nuestro compromiso con la caridad, la protecci\u00f3n del medio ambiente y el desarrollo cient\u00edfico.","breadcrumb":{"@id":"https:\/\/camillaofbourbonfoundation.org\/es\/blog\/#breadcrumb"},"inLanguage":"es","potentialAction":[{"@type":"ReadAction","target":["https:\/\/camillaofbourbonfoundation.org\/es\/blog\/"]}]},{"@type":"ImageObject","inLanguage":"es","@id":"https:\/\/camillaofbourbonfoundation.org\/es\/blog\/#primaryimage","url":"https:\/\/camillaofbourbonfoundation.org\/wp-content\/uploads\/2025\/01\/Princess-Camilla-of-Bourbon-Charitable-Foundation-otguhig9ke7ztiq91s9simlrqp4lbi1akn07n2r6xc.jpg","contentUrl":"https:\/\/camillaofbourbonfoundation.org\/wp-content\/uploads\/2025\/01\/Princess-Camilla-of-Bourbon-Charitable-Foundation-otguhig9ke7ztiq91s9simlrqp4lbi1akn07n2r6xc.jpg"},{"@type":"BreadcrumbList","@id":"https:\/\/camillaofbourbonfoundation.org\/es\/blog\/#breadcrumb","itemListElement":[{"@type":"ListItem","position":1,"name":"Home","item":"https:\/\/camillaofbourbonfoundation.org\/es\/"},{"@type":"ListItem","position":2,"name":"Blog"}]},{"@type":"WebSite","@id":"https:\/\/camillaofbourbonfoundation.org\/es\/#website","url":"https:\/\/camillaofbourbonfoundation.org\/es\/","name":"Camilla Of Boubon Foundation","description":"","publisher":{"@id":"https:\/\/camillaofbourbonfoundation.org\/es\/#organization"},"potentialAction":[{"@type":"SearchAction","target":{"@type":"EntryPoint","urlTemplate":"https:\/\/camillaofbourbonfoundation.org\/es\/?s={search_term_string}"},"query-input":{"@type":"PropertyValueSpecification","valueRequired":true,"valueName":"search_term_string"}}],"inLanguage":"es"},{"@type":"Organization","@id":"https:\/\/camillaofbourbonfoundation.org\/es\/#organization","name":"Camilla Of Boubon Foundation","url":"https:\/\/camillaofbourbonfoundation.org\/es\/","logo":{"@type":"ImageObject","inLanguage":"es","@id":"https:\/\/camillaofbourbonfoundation.org\/es\/#\/schema\/logo\/image\/","url":"https:\/\/camillaofbourbonfoundation.org\/wp-content\/uploads\/2025\/01\/princess-camilla-of-bourbon-charity-foundation-400-x-80.png","contentUrl":"https:\/\/camillaofbourbonfoundation.org\/wp-content\/uploads\/2025\/01\/princess-camilla-of-bourbon-charity-foundation-400-x-80.png","width":400,"height":80,"caption":"Camilla Of Boubon Foundation"},"image":{"@id":"https:\/\/camillaofbourbonfoundation.org\/es\/#\/schema\/logo\/image\/"}}]}},"_links":{"self":[{"href":"https:\/\/camillaofbourbonfoundation.org\/es\/wp-json\/wp\/v2\/pages\/2369","targetHints":{"allow":["GET"]}}],"collection":[{"href":"https:\/\/camillaofbourbonfoundation.org\/es\/wp-json\/wp\/v2\/pages"}],"about":[{"href":"https:\/\/camillaofbourbonfoundation.org\/es\/wp-json\/wp\/v2\/types\/page"}],"author":[{"embeddable":true,"href":"https:\/\/camillaofbourbonfoundation.org\/es\/wp-json\/wp\/v2\/users\/1"}],"replies":[{"embeddable":true,"href":"https:\/\/camillaofbourbonfoundation.org\/es\/wp-json\/wp\/v2\/comments?post=2369"}],"version-history":[{"count":11,"href":"https:\/\/camillaofbourbonfoundation.org\/es\/wp-json\/wp\/v2\/pages\/2369\/revisions"}],"predecessor-version":[{"id":3461,"href":"https:\/\/camillaofbourbonfoundation.org\/es\/wp-json\/wp\/v2\/pages\/2369\/revisions\/3461"}],"wp:attachment":[{"href":"https:\/\/camillaofbourbonfoundation.org\/es\/wp-json\/wp\/v2\/media?parent=2369"}],"curies":[{"name":"wp","href":"https:\/\/api.w.org\/{rel}","templated":true}]}}