{"id":2373,"date":"2025-01-22T11:17:59","date_gmt":"2025-01-22T11:17:59","guid":{"rendered":"https:\/\/new.camillaofbourbonfoundation.org\/contacto\/"},"modified":"2025-09-24T18:03:53","modified_gmt":"2025-09-24T18:03:53","slug":"contacto","status":"publish","type":"page","link":"https:\/\/camillaofbourbonfoundation.org\/es\/contacto\/","title":{"rendered":"Contacto"},"content":{"rendered":"\t\t<div data-elementor-type=\"wp-page\" data-elementor-id=\"2373\" class=\"elementor elementor-2373 elementor-91\" data-elementor-post-type=\"page\">\n\t\t\t\t\t\t<section class=\"elementor-section elementor-top-section elementor-element elementor-element-18b8d0e9 elementor-section-height-min-height elementor-section-boxed elementor-section-height-default elementor-section-items-middle\" data-id=\"18b8d0e9\" data-element_type=\"section\" data-settings=\"{&quot;background_background&quot;:&quot;video&quot;,&quot;background_video_link&quot;:&quot;https:\\\/\\\/camillaofbourbonfoundation.org\\\/wp-content\\\/uploads\\\/2025\\\/01\\\/video-sfondo-onde-2.mp4&quot;,&quot;background_play_on_mobile&quot;:&quot;yes&quot;}\">\n\t\t\t\t\t\t\t\t<div class=\"elementor-background-video-container\">\n\t\t\t\t\t\t\t\t\t\t\t\t\t<video class=\"elementor-background-video-hosted\" autoplay muted playsinline loop><\/video>\n\t\t\t\t\t\t\t\t\t\t\t<\/div>\n\t\t\t\t\t\t\t\t\t<div class=\"elementor-background-overlay\"><\/div>\n\t\t\t\t\t\t\t<div class=\"elementor-container elementor-column-gap-default\">\n\t\t\t\t\t<div class=\"elementor-column elementor-col-100 elementor-top-column elementor-element elementor-element-7bee0f53\" data-id=\"7bee0f53\" data-element_type=\"column\">\n\t\t\t<div class=\"elementor-widget-wrap elementor-element-populated\">\n\t\t\t\t\t\t<div class=\"elementor-element elementor-element-6586c3bd elementor-widget elementor-widget-heading\" data-id=\"6586c3bd\" data-element_type=\"widget\" data-widget_type=\"heading.default\">\n\t\t\t\t<div class=\"elementor-widget-container\">\n\t\t\t\t\t<h2 class=\"elementor-heading-title elementor-size-default\">Contacto<\/h2>\t\t\t\t<\/div>\n\t\t\t\t<\/div>\n\t\t\t\t\t<\/div>\n\t\t<\/div>\n\t\t\t\t\t<\/div>\n\t\t<\/section>\n\t\t\t\t<section class=\"elementor-section elementor-top-section elementor-element elementor-element-2ceff059 elementor-section-boxed elementor-section-height-default elementor-section-height-default\" data-id=\"2ceff059\" data-element_type=\"section\">\n\t\t\t\t\t\t<div class=\"elementor-container elementor-column-gap-default\">\n\t\t\t\t\t<div class=\"elementor-column elementor-col-50 elementor-top-column elementor-element elementor-element-5493a9c5\" data-id=\"5493a9c5\" data-element_type=\"column\">\n\t\t\t<div class=\"elementor-widget-wrap elementor-element-populated\">\n\t\t\t\t\t\t<div class=\"elementor-element elementor-element-65038939 elementor-widget elementor-widget-heading\" data-id=\"65038939\" data-element_type=\"widget\" data-widget_type=\"heading.default\">\n\t\t\t\t<div class=\"elementor-widget-container\">\n\t\t\t\t\t<h2 class=\"elementor-heading-title elementor-size-default\">ROMA<\/h2>\t\t\t\t<\/div>\n\t\t\t\t<\/div>\n\t\t\t\t<div class=\"elementor-element elementor-element-0846a65 elementor-hidden-desktop elementor-hidden-tablet elementor-hidden-mobile elementor-widget elementor-widget-text-editor\" data-id=\"0846a65\" data-element_type=\"widget\" data-widget_type=\"text-editor.default\">\n\t\t\t\t<div class=\"elementor-widget-container\">\n\t\t\t\t\t\t\t\t\t<p>Cont\u00e1ctanos &#8211; apex Group6th Floor, Two Tribeca, Tribeca Central,Trianon 72261, Mauritiusv4, Via Giosu\u00e9 Carducci \u2013 00187 Rome<\/p><p><a href=\"https:\/\/camillaofbourbon.com\/princess-camilla-of-bourbon-charitable-foundation\/\" target=\"_blank\" rel=\"noopener\">camillaofbourbon.com<\/a><\/p><p><a href=\"https:\/\/camillaofbourbonfoundation.org\/es\/mision\/\">misi\u00f3n<\/a><\/p><p>La misi\u00f3n de la Fundaci\u00f3n Ben\u00e9fica Princesa Camilla de Borb\u00f3n es apoyar cualquier causa ben\u00e9fica, t\u00e9cnica o educativa, con un enfoque en la protecci\u00f3n del medio ambiente y la promoci\u00f3n del desarrollo cient\u00edfico en los mercados emergentes. La raz\u00f3n por la que eleg\u00ed Mauricio es que llevo viniendo aqu\u00ed durante los \u00faltimos 20 a\u00f1os de mi vida; aunque este sea un hogar lejos de casa, lo que es de importancia fundamental es que esta ubicaci\u00f3n estrat\u00e9gica proporciona acceso a las regiones de \u00c1frica, Oriente Medio, Asia del Sur y Asia del Este para ampliar el alcance de la fundaci\u00f3n y lograr el mayor impacto en el cumplimiento del prop\u00f3sito de la fundaci\u00f3n.<\/p><p>La intenci\u00f3n es crear un impacto inmediato e incisivo, y la seriedad de nuestro prop\u00f3sito se demuestra claramente por el fuerte apoyo estatal que hemos solicitado y recibido para facilitar las actividades en curso de la fundaci\u00f3n. Me gustar\u00eda extender mi gratitud al ex primer ministro y al actual primer ministro, ambos de los cuales tuve el placer de conocer recientemente, as\u00ed como al Ministro de Medio Ambiente.<\/p><p>Adem\u00e1s de varios proyectos ambientales y de desarrollo sostenible en los que ya estamos trabajando con la colaboraci\u00f3n del Gobierno de Mauricio, estamos promoviendo tambi\u00e9n otra \u00e1rea que me es muy querida como presidente en funciones de Les Amis du Centre Scientifique de Monaco, que es difundir una cultura de la ciencia y el saber t\u00e9cnico entre la nueva generaci\u00f3n.<\/p>\t\t\t\t\t\t\t\t<\/div>\n\t\t\t\t<\/div>\n\t\t\t\t<div class=\"elementor-element elementor-element-0268d1b elementor-hidden-desktop elementor-hidden-tablet elementor-hidden-mobile elementor-widget elementor-widget-image\" data-id=\"0268d1b\" data-element_type=\"widget\" data-widget_type=\"image.default\">\n\t\t\t\t<div class=\"elementor-widget-container\">\n\t\t\t\t\t\t\t\t\t\t\t\t\t\t\t<img decoding=\"async\" width=\"200\" height=\"200\" src=\"https:\/\/camillaofbourbonfoundation.org\/wp-content\/uploads\/2025\/01\/Princess-Camilla-of-Bourbon-Charitable-Foundation-otguhig9ke7ztiq91s9simlrqp4lbi1akn07n2r6xc.jpg\" class=\"attachment-large size-large wp-image-542\" alt=\"\" srcset=\"https:\/\/camillaofbourbonfoundation.org\/wp-content\/uploads\/2025\/01\/Princess-Camilla-of-Bourbon-Charitable-Foundation-otguhig9ke7ztiq91s9simlrqp4lbi1akn07n2r6xc.jpg 200w, https:\/\/camillaofbourbonfoundation.org\/wp-content\/uploads\/2025\/01\/Princess-Camilla-of-Bourbon-Charitable-Foundation-otguhig9ke7ztiq91s9simlrqp4lbi1akn07n2r6xc-150x150.jpg 150w\" sizes=\"(max-width: 200px) 100vw, 200px\" \/>\t\t\t\t\t\t\t\t\t\t\t\t\t\t\t<\/div>\n\t\t\t\t<\/div>\n\t\t\t\t<section class=\"elementor-section elementor-inner-section elementor-element elementor-element-14b97e68 elementor-section-boxed elementor-section-height-default elementor-section-height-default\" data-id=\"14b97e68\" data-element_type=\"section\">\n\t\t\t\t\t\t<div class=\"elementor-container elementor-column-gap-default\">\n\t\t\t\t\t<div class=\"elementor-column elementor-col-100 elementor-inner-column elementor-element elementor-element-6f42c4bf\" data-id=\"6f42c4bf\" data-element_type=\"column\">\n\t\t\t<div class=\"elementor-widget-wrap elementor-element-populated\">\n\t\t\t\t\t\t<div class=\"elementor-element elementor-element-1e45df45 elementor-position-left elementor-position-left elementor-vertical-align-top elementor-vertical-align-top elementor-widget elementor-widget-image-box\" data-id=\"1e45df45\" data-element_type=\"widget\" data-widget_type=\"image-box.default\">\n\t\t\t\t<div class=\"elementor-widget-container\">\n\t\t\t\t\t<div class=\"elementor-image-box-wrapper\"><figure class=\"elementor-image-box-img\"><img fetchpriority=\"high\" decoding=\"async\" width=\"300\" height=\"300\" src=\"https:\/\/camillaofbourbonfoundation.org\/wp-content\/uploads\/2025\/02\/tel.png\" class=\"attachment-full size-full wp-image-978\" alt=\"\" srcset=\"https:\/\/camillaofbourbonfoundation.org\/wp-content\/uploads\/2025\/02\/tel.png 300w, https:\/\/camillaofbourbonfoundation.org\/wp-content\/uploads\/2025\/02\/tel-150x150.png 150w\" sizes=\"(max-width: 300px) 100vw, 300px\" \/><\/figure><div class=\"elementor-image-box-content\"><h4 class=\"elementor-image-box-title\">Numero de tel\u00e9fono<\/h4><p class=\"elementor-image-box-description\">+39 06 4741190<\/p><\/div><\/div>\t\t\t\t<\/div>\n\t\t\t\t<\/div>\n\t\t\t\t<div class=\"elementor-element elementor-element-4903f433 elementor-position-left elementor-position-left elementor-vertical-align-top elementor-vertical-align-top elementor-widget elementor-widget-image-box\" data-id=\"4903f433\" data-element_type=\"widget\" data-widget_type=\"image-box.default\">\n\t\t\t\t<div class=\"elementor-widget-container\">\n\t\t\t\t\t<div class=\"elementor-image-box-wrapper\"><figure class=\"elementor-image-box-img\"><img decoding=\"async\" width=\"300\" height=\"300\" src=\"https:\/\/camillaofbourbonfoundation.org\/wp-content\/uploads\/2025\/02\/pin.png\" class=\"attachment-full size-full wp-image-979\" alt=\"\" srcset=\"https:\/\/camillaofbourbonfoundation.org\/wp-content\/uploads\/2025\/02\/pin.png 300w, https:\/\/camillaofbourbonfoundation.org\/wp-content\/uploads\/2025\/02\/pin-150x150.png 150w\" sizes=\"(max-width: 300px) 100vw, 300px\" \/><\/figure><div class=\"elementor-image-box-content\"><h4 class=\"elementor-image-box-title\">Direcci\u00f3n<\/h4><p class=\"elementor-image-box-description\"> 4, Via Giosu\u00e9 Carducci \u2013 00187 Roma<\/p><\/div><\/div>\t\t\t\t<\/div>\n\t\t\t\t<\/div>\n\t\t\t\t<div class=\"elementor-element elementor-element-d5cf018 elementor-position-left elementor-position-left elementor-vertical-align-top elementor-vertical-align-top elementor-widget elementor-widget-image-box\" data-id=\"d5cf018\" data-element_type=\"widget\" data-widget_type=\"image-box.default\">\n\t\t\t\t<div class=\"elementor-widget-container\">\n\t\t\t\t\t<div class=\"elementor-image-box-wrapper\"><figure class=\"elementor-image-box-img\"><img loading=\"lazy\" decoding=\"async\" width=\"300\" height=\"300\" src=\"https:\/\/camillaofbourbonfoundation.org\/wp-content\/uploads\/2025\/02\/mail.png\" class=\"attachment-full size-full wp-image-980\" alt=\"\" srcset=\"https:\/\/camillaofbourbonfoundation.org\/wp-content\/uploads\/2025\/02\/mail.png 300w, https:\/\/camillaofbourbonfoundation.org\/wp-content\/uploads\/2025\/02\/mail-150x150.png 150w\" sizes=\"(max-width: 300px) 100vw, 300px\" \/><\/figure><div class=\"elementor-image-box-content\"><h4 class=\"elementor-image-box-title\">Email<\/h4><p class=\"elementor-image-box-description\"><a href=\"mailto:info@camillaofbourbonfoundation.org\">info@camillaofbourbonfoundation.org<\/a><\/p><\/div><\/div>\t\t\t\t<\/div>\n\t\t\t\t<\/div>\n\t\t\t\t\t<\/div>\n\t\t<\/div>\n\t\t\t\t\t<\/div>\n\t\t<\/section>\n\t\t\t\t<div class=\"elementor-element elementor-element-6702d5b elementor-widget elementor-widget-heading\" data-id=\"6702d5b\" data-element_type=\"widget\" data-widget_type=\"heading.default\">\n\t\t\t\t<div class=\"elementor-widget-container\">\n\t\t\t\t\t<h2 class=\"elementor-heading-title elementor-size-default\">MAURITIUS<\/h2>\t\t\t\t<\/div>\n\t\t\t\t<\/div>\n\t\t\t\t<section class=\"elementor-section elementor-inner-section elementor-element elementor-element-38eb822 elementor-section-boxed elementor-section-height-default elementor-section-height-default\" data-id=\"38eb822\" data-element_type=\"section\">\n\t\t\t\t\t\t<div class=\"elementor-container elementor-column-gap-default\">\n\t\t\t\t\t<div class=\"elementor-column elementor-col-100 elementor-inner-column elementor-element elementor-element-2ebdf03\" data-id=\"2ebdf03\" data-element_type=\"column\">\n\t\t\t<div class=\"elementor-widget-wrap elementor-element-populated\">\n\t\t\t\t\t\t<div class=\"elementor-element elementor-element-44e8376 elementor-position-left elementor-position-left elementor-vertical-align-top elementor-vertical-align-top elementor-widget elementor-widget-image-box\" data-id=\"44e8376\" data-element_type=\"widget\" data-widget_type=\"image-box.default\">\n\t\t\t\t<div class=\"elementor-widget-container\">\n\t\t\t\t\t<div class=\"elementor-image-box-wrapper\"><figure class=\"elementor-image-box-img\"><img decoding=\"async\" width=\"300\" height=\"300\" src=\"https:\/\/camillaofbourbonfoundation.org\/wp-content\/uploads\/2025\/02\/pin.png\" class=\"attachment-full size-full wp-image-979\" alt=\"\" srcset=\"https:\/\/camillaofbourbonfoundation.org\/wp-content\/uploads\/2025\/02\/pin.png 300w, https:\/\/camillaofbourbonfoundation.org\/wp-content\/uploads\/2025\/02\/pin-150x150.png 150w\" sizes=\"(max-width: 300px) 100vw, 300px\" \/><\/figure><div class=\"elementor-image-box-content\"><h4 class=\"elementor-image-box-title\">Direcci\u00f3n<\/h4><p class=\"elementor-image-box-description\">Axis Fiduciary Ltd<br>\n2nd Floor, The AXI<br>\n26 Bank Street, Cybercity,<br>\nEbene 72201, Mauritius<br>\nT: (+230) 403 2500 <br><\/p><\/div><\/div>\t\t\t\t<\/div>\n\t\t\t\t<\/div>\n\t\t\t\t<div class=\"elementor-element elementor-element-cde28ea elementor-position-left elementor-position-left elementor-vertical-align-top elementor-vertical-align-top elementor-widget elementor-widget-image-box\" data-id=\"cde28ea\" data-element_type=\"widget\" data-widget_type=\"image-box.default\">\n\t\t\t\t<div class=\"elementor-widget-container\">\n\t\t\t\t\t<div class=\"elementor-image-box-wrapper\"><figure class=\"elementor-image-box-img\"><img loading=\"lazy\" decoding=\"async\" width=\"300\" height=\"300\" src=\"https:\/\/camillaofbourbonfoundation.org\/wp-content\/uploads\/2025\/02\/mail.png\" class=\"attachment-full size-full wp-image-980\" alt=\"\" srcset=\"https:\/\/camillaofbourbonfoundation.org\/wp-content\/uploads\/2025\/02\/mail.png 300w, https:\/\/camillaofbourbonfoundation.org\/wp-content\/uploads\/2025\/02\/mail-150x150.png 150w\" sizes=\"(max-width: 300px) 100vw, 300px\" \/><\/figure><div class=\"elementor-image-box-content\"><h4 class=\"elementor-image-box-title\">Email<\/h4><p class=\"elementor-image-box-description\"><a href=\"mailtoLana.SoWanYuen@axis.mu\">Lana.SoWanYuen@axis.mu<\/a><\/p><\/div><\/div>\t\t\t\t<\/div>\n\t\t\t\t<\/div>\n\t\t\t\t\t<\/div>\n\t\t<\/div>\n\t\t\t\t\t<\/div>\n\t\t<\/section>\n\t\t\t\t\t<\/div>\n\t\t<\/div>\n\t\t\t\t<div class=\"elementor-column elementor-col-50 elementor-top-column elementor-element elementor-element-23941062\" data-id=\"23941062\" data-element_type=\"column\" data-settings=\"{&quot;background_background&quot;:&quot;classic&quot;}\">\n\t\t\t<div class=\"elementor-widget-wrap elementor-element-populated\">\n\t\t\t\t\t<div class=\"elementor-background-overlay\"><\/div>\n\t\t\t\t\t\t<div class=\"elementor-element elementor-element-1b12b66f elementor-widget elementor-widget-google_maps\" data-id=\"1b12b66f\" data-element_type=\"widget\" data-widget_type=\"google_maps.default\">\n\t\t\t\t<div class=\"elementor-widget-container\">\n\t\t\t\t\t\t\t<div class=\"elementor-custom-embed\">\n\t\t\t<iframe loading=\"lazy\"\n\t\t\t\t\tsrc=\"https:\/\/maps.google.com\/maps?q=apex%20Group%206th%20Floor%2C%20Two%20Tribeca%2C%20Tribeca%20Central%2C%20Trianon%2072261%2C%20Mauritius&#038;t=m&#038;z=11&#038;output=embed&#038;iwloc=near\"\n\t\t\t\t\ttitle=\"apex Group 6th Floor, Two Tribeca, Tribeca Central, Trianon 72261, Mauritius\"\n\t\t\t\t\taria-label=\"apex Group 6th Floor, Two Tribeca, Tribeca Central, Trianon 72261, Mauritius\"\n\t\t\t><\/iframe>\n\t\t<\/div>\n\t\t\t\t\t\t<\/div>\n\t\t\t\t<\/div>\n\t\t\t\t\t<\/div>\n\t\t<\/div>\n\t\t\t\t\t<\/div>\n\t\t<\/section>\n\t\t\t\t<\/div>\n\t\t","protected":false},"excerpt":{"rendered":"<p>Contacto ROMA Cont\u00e1ctanos &#8211; apex Group6th Floor, Two Tribeca, Tribeca Central,Trianon 72261, Mauritiusv4, Via Giosu\u00e9 Carducci \u2013 00187 Rome camillaofbourbon.com misi\u00f3n La misi\u00f3n de la Fundaci\u00f3n Ben\u00e9fica Princesa Camilla de Borb\u00f3n es apoyar cualquier causa ben\u00e9fica, t\u00e9cnica o educativa, con un enfoque en la protecci\u00f3n del medio ambiente y la promoci\u00f3n del desarrollo cient\u00edfico en [&hellip;]<\/p>\n","protected":false},"author":1,"featured_media":0,"parent":0,"menu_order":0,"comment_status":"closed","ping_status":"closed","template":"elementor_header_footer","meta":{"footnotes":""},"class_list":["post-2373","page","type-page","status-publish","hentry"],"yoast_head":"<!-- This site is optimized with the Yoast SEO plugin v24.8.1 - https:\/\/yoast.com\/wordpress\/plugins\/seo\/ -->\n<title>Cont\u00e1ctanos - Camilla Of Boubon Foundation<\/title>\n<meta name=\"description\" content=\"Cont\u00e1ctanos - apex Group6th Floor, Two Tribeca, Tribeca Central,Trianon 72261, Mauritiusv4, Via Giosu\u00e9 Carducci \u2013 00187 Rome\" \/>\n<meta name=\"robots\" content=\"index, follow, max-snippet:-1, max-image-preview:large, max-video-preview:-1\" \/>\n<link rel=\"canonical\" href=\"https:\/\/camillaofbourbonfoundation.org\/es\/contacto\/\" \/>\n<meta property=\"og:locale\" content=\"es_ES\" \/>\n<meta property=\"og:type\" content=\"article\" \/>\n<meta property=\"og:title\" content=\"Cont\u00e1ctanos - Camilla Of Boubon Foundation\" \/>\n<meta property=\"og:description\" content=\"Cont\u00e1ctanos - apex Group6th Floor, Two Tribeca, Tribeca Central,Trianon 72261, Mauritiusv4, Via Giosu\u00e9 Carducci \u2013 00187 Rome\" \/>\n<meta property=\"og:url\" content=\"https:\/\/camillaofbourbonfoundation.org\/es\/contacto\/\" \/>\n<meta property=\"og:site_name\" content=\"Camilla Of Boubon Foundation\" \/>\n<meta property=\"article:modified_time\" content=\"2025-09-24T18:03:53+00:00\" \/>\n<meta property=\"og:image\" content=\"https:\/\/camillaofbourbonfoundation.org\/wp-content\/uploads\/2025\/01\/Princess-Camilla-of-Bourbon-Charitable-Foundation-otguhig9ke7ztiq91s9simlrqp4lbi1akn07n2r6xc.jpg\" \/>\n\t<meta property=\"og:image:width\" content=\"200\" \/>\n\t<meta property=\"og:image:height\" content=\"200\" \/>\n\t<meta property=\"og:image:type\" content=\"image\/jpeg\" \/>\n<meta name=\"twitter:card\" content=\"summary_large_image\" \/>\n<meta name=\"twitter:label1\" content=\"Tiempo de lectura\" \/>\n\t<meta name=\"twitter:data1\" content=\"3 minutos\" \/>\n<script type=\"application\/ld+json\" class=\"yoast-schema-graph\">{\"@context\":\"https:\/\/schema.org\",\"@graph\":[{\"@type\":\"WebPage\",\"@id\":\"https:\/\/camillaofbourbonfoundation.org\/es\/contacto\/\",\"url\":\"https:\/\/camillaofbourbonfoundation.org\/es\/contacto\/\",\"name\":\"Cont\u00e1ctanos - Camilla Of Boubon Foundation\",\"isPartOf\":{\"@id\":\"https:\/\/camillaofbourbonfoundation.org\/es\/#website\"},\"primaryImageOfPage\":{\"@id\":\"https:\/\/camillaofbourbonfoundation.org\/es\/contacto\/#primaryimage\"},\"image\":{\"@id\":\"https:\/\/camillaofbourbonfoundation.org\/es\/contacto\/#primaryimage\"},\"thumbnailUrl\":\"https:\/\/camillaofbourbonfoundation.org\/wp-content\/uploads\/2025\/01\/Princess-Camilla-of-Bourbon-Charitable-Foundation-otguhig9ke7ztiq91s9simlrqp4lbi1akn07n2r6xc.jpg\",\"datePublished\":\"2025-01-22T11:17:59+00:00\",\"dateModified\":\"2025-09-24T18:03:53+00:00\",\"description\":\"Cont\u00e1ctanos - apex Group6th Floor, Two Tribeca, Tribeca Central,Trianon 72261, Mauritiusv4, Via Giosu\u00e9 Carducci \u2013 00187 Rome\",\"breadcrumb\":{\"@id\":\"https:\/\/camillaofbourbonfoundation.org\/es\/contacto\/#breadcrumb\"},\"inLanguage\":\"es\",\"potentialAction\":[{\"@type\":\"ReadAction\",\"target\":[\"https:\/\/camillaofbourbonfoundation.org\/es\/contacto\/\"]}]},{\"@type\":\"ImageObject\",\"inLanguage\":\"es\",\"@id\":\"https:\/\/camillaofbourbonfoundation.org\/es\/contacto\/#primaryimage\",\"url\":\"https:\/\/camillaofbourbonfoundation.org\/wp-content\/uploads\/2025\/01\/Princess-Camilla-of-Bourbon-Charitable-Foundation-otguhig9ke7ztiq91s9simlrqp4lbi1akn07n2r6xc.jpg\",\"contentUrl\":\"https:\/\/camillaofbourbonfoundation.org\/wp-content\/uploads\/2025\/01\/Princess-Camilla-of-Bourbon-Charitable-Foundation-otguhig9ke7ztiq91s9simlrqp4lbi1akn07n2r6xc.jpg\"},{\"@type\":\"BreadcrumbList\",\"@id\":\"https:\/\/camillaofbourbonfoundation.org\/es\/contacto\/#breadcrumb\",\"itemListElement\":[{\"@type\":\"ListItem\",\"position\":1,\"name\":\"Home\",\"item\":\"https:\/\/camillaofbourbonfoundation.org\/es\/\"},{\"@type\":\"ListItem\",\"position\":2,\"name\":\"Contacto\"}]},{\"@type\":\"WebSite\",\"@id\":\"https:\/\/camillaofbourbonfoundation.org\/es\/#website\",\"url\":\"https:\/\/camillaofbourbonfoundation.org\/es\/\",\"name\":\"Camilla Of Boubon Foundation\",\"description\":\"\",\"publisher\":{\"@id\":\"https:\/\/camillaofbourbonfoundation.org\/es\/#organization\"},\"potentialAction\":[{\"@type\":\"SearchAction\",\"target\":{\"@type\":\"EntryPoint\",\"urlTemplate\":\"https:\/\/camillaofbourbonfoundation.org\/es\/?s={search_term_string}\"},\"query-input\":{\"@type\":\"PropertyValueSpecification\",\"valueRequired\":true,\"valueName\":\"search_term_string\"}}],\"inLanguage\":\"es\"},{\"@type\":\"Organization\",\"@id\":\"https:\/\/camillaofbourbonfoundation.org\/es\/#organization\",\"name\":\"Camilla Of Boubon Foundation\",\"url\":\"https:\/\/camillaofbourbonfoundation.org\/es\/\",\"logo\":{\"@type\":\"ImageObject\",\"inLanguage\":\"es\",\"@id\":\"https:\/\/camillaofbourbonfoundation.org\/es\/#\/schema\/logo\/image\/\",\"url\":\"https:\/\/camillaofbourbonfoundation.org\/wp-content\/uploads\/2025\/01\/princess-camilla-of-bourbon-charity-foundation-400-x-80.png\",\"contentUrl\":\"https:\/\/camillaofbourbonfoundation.org\/wp-content\/uploads\/2025\/01\/princess-camilla-of-bourbon-charity-foundation-400-x-80.png\",\"width\":400,\"height\":80,\"caption\":\"Camilla Of Boubon Foundation\"},\"image\":{\"@id\":\"https:\/\/camillaofbourbonfoundation.org\/es\/#\/schema\/logo\/image\/\"}}]}<\/script>\n<!-- \/ Yoast SEO plugin. -->","yoast_head_json":{"title":"Cont\u00e1ctanos - Camilla Of Boubon Foundation","description":"Cont\u00e1ctanos - apex Group6th Floor, Two Tribeca, Tribeca Central,Trianon 72261, Mauritiusv4, Via Giosu\u00e9 Carducci \u2013 00187 Rome","robots":{"index":"index","follow":"follow","max-snippet":"max-snippet:-1","max-image-preview":"max-image-preview:large","max-video-preview":"max-video-preview:-1"},"canonical":"https:\/\/camillaofbourbonfoundation.org\/es\/contacto\/","og_locale":"es_ES","og_type":"article","og_title":"Cont\u00e1ctanos - Camilla Of Boubon Foundation","og_description":"Cont\u00e1ctanos - apex Group6th Floor, Two Tribeca, Tribeca Central,Trianon 72261, Mauritiusv4, Via Giosu\u00e9 Carducci \u2013 00187 Rome","og_url":"https:\/\/camillaofbourbonfoundation.org\/es\/contacto\/","og_site_name":"Camilla Of Boubon Foundation","article_modified_time":"2025-09-24T18:03:53+00:00","og_image":[{"width":200,"height":200,"url":"https:\/\/camillaofbourbonfoundation.org\/wp-content\/uploads\/2025\/01\/Princess-Camilla-of-Bourbon-Charitable-Foundation-otguhig9ke7ztiq91s9simlrqp4lbi1akn07n2r6xc.jpg","type":"image\/jpeg"}],"twitter_card":"summary_large_image","twitter_misc":{"Tiempo de lectura":"3 minutos"},"schema":{"@context":"https:\/\/schema.org","@graph":[{"@type":"WebPage","@id":"https:\/\/camillaofbourbonfoundation.org\/es\/contacto\/","url":"https:\/\/camillaofbourbonfoundation.org\/es\/contacto\/","name":"Cont\u00e1ctanos - Camilla Of Boubon Foundation","isPartOf":{"@id":"https:\/\/camillaofbourbonfoundation.org\/es\/#website"},"primaryImageOfPage":{"@id":"https:\/\/camillaofbourbonfoundation.org\/es\/contacto\/#primaryimage"},"image":{"@id":"https:\/\/camillaofbourbonfoundation.org\/es\/contacto\/#primaryimage"},"thumbnailUrl":"https:\/\/camillaofbourbonfoundation.org\/wp-content\/uploads\/2025\/01\/Princess-Camilla-of-Bourbon-Charitable-Foundation-otguhig9ke7ztiq91s9simlrqp4lbi1akn07n2r6xc.jpg","datePublished":"2025-01-22T11:17:59+00:00","dateModified":"2025-09-24T18:03:53+00:00","description":"Cont\u00e1ctanos - apex Group6th Floor, Two Tribeca, Tribeca Central,Trianon 72261, Mauritiusv4, Via Giosu\u00e9 Carducci \u2013 00187 Rome","breadcrumb":{"@id":"https:\/\/camillaofbourbonfoundation.org\/es\/contacto\/#breadcrumb"},"inLanguage":"es","potentialAction":[{"@type":"ReadAction","target":["https:\/\/camillaofbourbonfoundation.org\/es\/contacto\/"]}]},{"@type":"ImageObject","inLanguage":"es","@id":"https:\/\/camillaofbourbonfoundation.org\/es\/contacto\/#primaryimage","url":"https:\/\/camillaofbourbonfoundation.org\/wp-content\/uploads\/2025\/01\/Princess-Camilla-of-Bourbon-Charitable-Foundation-otguhig9ke7ztiq91s9simlrqp4lbi1akn07n2r6xc.jpg","contentUrl":"https:\/\/camillaofbourbonfoundation.org\/wp-content\/uploads\/2025\/01\/Princess-Camilla-of-Bourbon-Charitable-Foundation-otguhig9ke7ztiq91s9simlrqp4lbi1akn07n2r6xc.jpg"},{"@type":"BreadcrumbList","@id":"https:\/\/camillaofbourbonfoundation.org\/es\/contacto\/#breadcrumb","itemListElement":[{"@type":"ListItem","position":1,"name":"Home","item":"https:\/\/camillaofbourbonfoundation.org\/es\/"},{"@type":"ListItem","position":2,"name":"Contacto"}]},{"@type":"WebSite","@id":"https:\/\/camillaofbourbonfoundation.org\/es\/#website","url":"https:\/\/camillaofbourbonfoundation.org\/es\/","name":"Camilla Of Boubon Foundation","description":"","publisher":{"@id":"https:\/\/camillaofbourbonfoundation.org\/es\/#organization"},"potentialAction":[{"@type":"SearchAction","target":{"@type":"EntryPoint","urlTemplate":"https:\/\/camillaofbourbonfoundation.org\/es\/?s={search_term_string}"},"query-input":{"@type":"PropertyValueSpecification","valueRequired":true,"valueName":"search_term_string"}}],"inLanguage":"es"},{"@type":"Organization","@id":"https:\/\/camillaofbourbonfoundation.org\/es\/#organization","name":"Camilla Of Boubon Foundation","url":"https:\/\/camillaofbourbonfoundation.org\/es\/","logo":{"@type":"ImageObject","inLanguage":"es","@id":"https:\/\/camillaofbourbonfoundation.org\/es\/#\/schema\/logo\/image\/","url":"https:\/\/camillaofbourbonfoundation.org\/wp-content\/uploads\/2025\/01\/princess-camilla-of-bourbon-charity-foundation-400-x-80.png","contentUrl":"https:\/\/camillaofbourbonfoundation.org\/wp-content\/uploads\/2025\/01\/princess-camilla-of-bourbon-charity-foundation-400-x-80.png","width":400,"height":80,"caption":"Camilla Of Boubon Foundation"},"image":{"@id":"https:\/\/camillaofbourbonfoundation.org\/es\/#\/schema\/logo\/image\/"}}]}},"_links":{"self":[{"href":"https:\/\/camillaofbourbonfoundation.org\/es\/wp-json\/wp\/v2\/pages\/2373","targetHints":{"allow":["GET"]}}],"collection":[{"href":"https:\/\/camillaofbourbonfoundation.org\/es\/wp-json\/wp\/v2\/pages"}],"about":[{"href":"https:\/\/camillaofbourbonfoundation.org\/es\/wp-json\/wp\/v2\/types\/page"}],"author":[{"embeddable":true,"href":"https:\/\/camillaofbourbonfoundation.org\/es\/wp-json\/wp\/v2\/users\/1"}],"replies":[{"embeddable":true,"href":"https:\/\/camillaofbourbonfoundation.org\/es\/wp-json\/wp\/v2\/comments?post=2373"}],"version-history":[{"count":5,"href":"https:\/\/camillaofbourbonfoundation.org\/es\/wp-json\/wp\/v2\/pages\/2373\/revisions"}],"predecessor-version":[{"id":3378,"href":"https:\/\/camillaofbourbonfoundation.org\/es\/wp-json\/wp\/v2\/pages\/2373\/revisions\/3378"}],"wp:attachment":[{"href":"https:\/\/camillaofbourbonfoundation.org\/es\/wp-json\/wp\/v2\/media?parent=2373"}],"curies":[{"name":"wp","href":"https:\/\/api.w.org\/{rel}","templated":true}]}}