{"id":2293,"date":"2025-01-22T11:17:59","date_gmt":"2025-01-22T11:17:59","guid":{"rendered":"https:\/\/new.camillaofbourbonfoundation.org\/blog\/"},"modified":"2026-03-05T14:17:00","modified_gmt":"2026-03-05T14:17:00","slug":"blog","status":"publish","type":"page","link":"https:\/\/camillaofbourbonfoundation.org\/fr\/blog\/","title":{"rendered":"Blog"},"content":{"rendered":"\t\t<div data-elementor-type=\"wp-page\" data-elementor-id=\"2293\" class=\"elementor elementor-2293 elementor-88\" data-elementor-post-type=\"page\">\n\t\t\t\t\t\t<section class=\"elementor-section elementor-top-section elementor-element elementor-element-3297d3b elementor-section-height-min-height elementor-section-boxed elementor-section-height-default elementor-section-items-middle\" data-id=\"3297d3b\" data-element_type=\"section\" data-settings=\"{&quot;background_background&quot;:&quot;video&quot;,&quot;background_video_link&quot;:&quot;https:\\\/\\\/camillaofbourbonfoundation.org\\\/wp-content\\\/uploads\\\/2025\\\/01\\\/video-sfondo-onde-2.mp4&quot;,&quot;background_play_on_mobile&quot;:&quot;yes&quot;}\">\n\t\t\t\t\t\t\t\t<div class=\"elementor-background-video-container\">\n\t\t\t\t\t\t\t\t\t\t\t\t\t<video class=\"elementor-background-video-hosted\" autoplay muted playsinline loop><\/video>\n\t\t\t\t\t\t\t\t\t\t\t<\/div>\n\t\t\t\t\t\t\t\t\t<div class=\"elementor-background-overlay\"><\/div>\n\t\t\t\t\t\t\t<div class=\"elementor-container elementor-column-gap-default\">\n\t\t\t\t\t<div class=\"elementor-column elementor-col-100 elementor-top-column elementor-element elementor-element-be613d8\" data-id=\"be613d8\" data-element_type=\"column\">\n\t\t\t<div class=\"elementor-widget-wrap elementor-element-populated\">\n\t\t\t\t\t\t<div class=\"elementor-element elementor-element-bcf5626 elementor-widget elementor-widget-heading\" data-id=\"bcf5626\" data-element_type=\"widget\" data-widget_type=\"heading.default\">\n\t\t\t\t<div class=\"elementor-widget-container\">\n\t\t\t\t\t<h2 class=\"elementor-heading-title elementor-size-default\">Blog<\/h2>\t\t\t\t<\/div>\n\t\t\t\t<\/div>\n\t\t\t\t\t<\/div>\n\t\t<\/div>\n\t\t\t\t\t<\/div>\n\t\t<\/section>\n\t\t<div class=\"elementor-element elementor-element-c40e8a8 e-flex e-con-boxed e-con e-parent\" data-id=\"c40e8a8\" data-element_type=\"container\">\n\t\t\t\t\t<div class=\"e-con-inner\">\n\t\t<div class=\"elementor-element elementor-element-e471998 e-con-full e-flex e-con e-child\" data-id=\"e471998\" data-element_type=\"container\">\n\t\t\t\t<div class=\"elementor-element elementor-element-86aaba6 elementor-hidden-desktop elementor-hidden-tablet elementor-hidden-mobile elementor-widget elementor-widget-image\" data-id=\"86aaba6\" data-element_type=\"widget\" data-widget_type=\"image.default\">\n\t\t\t\t<div class=\"elementor-widget-container\">\n\t\t\t\t\t\t\t\t\t\t\t\t\t\t\t<img decoding=\"async\" width=\"200\" height=\"200\" src=\"https:\/\/camillaofbourbonfoundation.org\/wp-content\/uploads\/2025\/01\/Princess-Camilla-of-Bourbon-Charitable-Foundation-otguhig9ke7ztiq91s9simlrqp4lbi1akn07n2r6xc.jpg\" class=\"attachment-large size-large wp-image-542\" alt=\"\" srcset=\"https:\/\/camillaofbourbonfoundation.org\/wp-content\/uploads\/2025\/01\/Princess-Camilla-of-Bourbon-Charitable-Foundation-otguhig9ke7ztiq91s9simlrqp4lbi1akn07n2r6xc.jpg 200w, https:\/\/camillaofbourbonfoundation.org\/wp-content\/uploads\/2025\/01\/Princess-Camilla-of-Bourbon-Charitable-Foundation-otguhig9ke7ztiq91s9simlrqp4lbi1akn07n2r6xc-150x150.jpg 150w\" sizes=\"(max-width: 200px) 100vw, 200px\" \/>\t\t\t\t\t\t\t\t\t\t\t\t\t\t\t<\/div>\n\t\t\t\t<\/div>\n\t\t\t\t<div class=\"elementor-element elementor-element-e1a0238 elementor-widget elementor-widget-heading\" data-id=\"e1a0238\" data-element_type=\"widget\" data-widget_type=\"heading.default\">\n\t\t\t\t<div class=\"elementor-widget-container\">\n\t\t\t\t\t<h2 class=\"elementor-heading-title elementor-size-default\">Inspirer le changement, une initiative \u00e0 la fois.<\/h2>\t\t\t\t<\/div>\n\t\t\t\t<\/div>\n\t\t\t\t<div class=\"elementor-element elementor-element-633eaac elementor-widget elementor-widget-text-editor\" data-id=\"633eaac\" data-element_type=\"widget\" data-widget_type=\"text-editor.default\">\n\t\t\t\t<div class=\"elementor-widget-container\">\n\t\t\t\t\t\t\t\t\t<p>\u00c0 la Princess Camilla of Bourbon Charitable Foundation, notre mission va au-del\u00e0 des mots \u2013 elle se traduit par un impact concret. \u00c0 travers notre blog, nous partageons des mises \u00e0 jour sur nos projets, des analyses des d\u00e9fis mondiaux et des histoires de transformation port\u00e9es par notre engagement en faveur de la charit\u00e9, de la protection de l\u2019environnement et du d\u00e9veloppement scientifique. <\/p><p>De nos actions en faveur du d\u00e9veloppement durable \u00e0 nos programmes \u00e9ducatifs, nous aspirons \u00e0 g\u00e9n\u00e9rer un changement significatif, en particulier sur les march\u00e9s \u00e9mergents, o\u00f9 l\u2019innovation et le soutien peuvent avoir l\u2019impact le plus fort. Suivez-nous pour d\u00e9couvrir nos actualit\u00e9s, collaborations et initiatives qui t\u00e9moignent de notre engagement pour un avenir meilleur. <\/p><p>Ensemble, transformons la vision en action. Restez inspir\u00e9. Restez engag\u00e9.  <\/p>\t\t\t\t\t\t\t\t<\/div>\n\t\t\t\t<\/div>\n\t\t\t\t<\/div>\n\t\t<div class=\"elementor-element elementor-element-538be9a e-con-full e-flex e-con e-child\" data-id=\"538be9a\" data-element_type=\"container\">\n\t\t\t\t<\/div>\n\t\t\t\t\t<\/div>\n\t\t\t\t<\/div>\n\t\t\t\t<section class=\"elementor-section elementor-top-section elementor-element elementor-element-6613039d elementor-section-boxed elementor-section-height-default elementor-section-height-default\" data-id=\"6613039d\" data-element_type=\"section\">\n\t\t\t\t\t\t<div class=\"elementor-container elementor-column-gap-default\">\n\t\t\t\t\t<div class=\"elementor-column elementor-col-100 elementor-top-column elementor-element elementor-element-70533235\" data-id=\"70533235\" data-element_type=\"column\">\n\t\t\t<div class=\"elementor-widget-wrap elementor-element-populated\">\n\t\t\t\t\t\t\t<\/div>\n\t\t<\/div>\n\t\t\t\t\t<\/div>\n\t\t<\/section>\n\t\t\t\t<\/div>\n\t\t","protected":false},"excerpt":{"rendered":"<p>Blog Inspirer le changement, une initiative \u00e0 la fois. \u00c0 la Princess Camilla of Bourbon Charitable Foundation, notre mission va au-del\u00e0 des mots \u2013 elle se traduit par un impact concret. \u00c0 travers notre blog, nous partageons des mises \u00e0 jour sur nos projets, des analyses des d\u00e9fis mondiaux et des histoires de transformation port\u00e9es [&hellip;]<\/p>\n","protected":false},"author":1,"featured_media":0,"parent":0,"menu_order":0,"comment_status":"closed","ping_status":"closed","template":"elementor_header_footer","meta":{"footnotes":""},"class_list":["post-2293","page","type-page","status-publish","hentry"],"yoast_head":"<!-- This site is optimized with the Yoast SEO plugin v24.8.1 - https:\/\/yoast.com\/wordpress\/plugins\/seo\/ -->\n<title>Blog - Camilla Of Boubon Foundation<\/title>\n<meta name=\"description\" content=\"Blog - \u00c0 travers notre blog, nous partageons des mises \u00e0 jour sur nos projets, des r\u00e9flexions sur les d\u00e9fis mondiaux et des histoires de transformation inspir\u00e9es par notre engagement envers la charit\u00e9, la protection de l&#039;environnement et le d\u00e9veloppement scientifique.\" \/>\n<meta name=\"robots\" content=\"index, follow, max-snippet:-1, max-image-preview:large, max-video-preview:-1\" \/>\n<link rel=\"canonical\" href=\"https:\/\/camillaofbourbonfoundation.org\/fr\/blog\/\" \/>\n<meta property=\"og:locale\" content=\"fr_FR\" \/>\n<meta property=\"og:type\" content=\"article\" \/>\n<meta property=\"og:title\" content=\"Blog - Camilla Of Boubon Foundation\" \/>\n<meta property=\"og:description\" content=\"Blog - \u00c0 travers notre blog, nous partageons des mises \u00e0 jour sur nos projets, des r\u00e9flexions sur les d\u00e9fis mondiaux et des histoires de transformation inspir\u00e9es par notre engagement envers la charit\u00e9, la protection de l&#039;environnement et le d\u00e9veloppement scientifique.\" \/>\n<meta property=\"og:url\" content=\"https:\/\/camillaofbourbonfoundation.org\/fr\/blog\/\" \/>\n<meta property=\"og:site_name\" content=\"Camilla Of Boubon Foundation\" \/>\n<meta property=\"article:modified_time\" content=\"2026-03-05T14:17:00+00:00\" \/>\n<meta property=\"og:image\" content=\"https:\/\/camillaofbourbonfoundation.org\/wp-content\/uploads\/2025\/01\/Princess-Camilla-of-Bourbon-Charitable-Foundation-otguhig9ke7ztiq91s9simlrqp4lbi1akn07n2r6xc.jpg\" \/>\n\t<meta property=\"og:image:width\" content=\"200\" \/>\n\t<meta property=\"og:image:height\" content=\"200\" \/>\n\t<meta property=\"og:image:type\" content=\"image\/jpeg\" \/>\n<meta name=\"twitter:card\" content=\"summary_large_image\" \/>\n<meta name=\"twitter:label1\" content=\"Dur\u00e9e de lecture estim\u00e9e\" \/>\n\t<meta name=\"twitter:data1\" content=\"1 minute\" \/>\n<script type=\"application\/ld+json\" class=\"yoast-schema-graph\">{\"@context\":\"https:\/\/schema.org\",\"@graph\":[{\"@type\":\"WebPage\",\"@id\":\"https:\/\/camillaofbourbonfoundation.org\/fr\/blog\/\",\"url\":\"https:\/\/camillaofbourbonfoundation.org\/fr\/blog\/\",\"name\":\"Blog - Camilla Of Boubon Foundation\",\"isPartOf\":{\"@id\":\"https:\/\/camillaofbourbonfoundation.org\/fr\/#website\"},\"primaryImageOfPage\":{\"@id\":\"https:\/\/camillaofbourbonfoundation.org\/fr\/blog\/#primaryimage\"},\"image\":{\"@id\":\"https:\/\/camillaofbourbonfoundation.org\/fr\/blog\/#primaryimage\"},\"thumbnailUrl\":\"https:\/\/camillaofbourbonfoundation.org\/wp-content\/uploads\/2025\/01\/Princess-Camilla-of-Bourbon-Charitable-Foundation-otguhig9ke7ztiq91s9simlrqp4lbi1akn07n2r6xc.jpg\",\"datePublished\":\"2025-01-22T11:17:59+00:00\",\"dateModified\":\"2026-03-05T14:17:00+00:00\",\"description\":\"Blog - \u00c0 travers notre blog, nous partageons des mises \u00e0 jour sur nos projets, des r\u00e9flexions sur les d\u00e9fis mondiaux et des histoires de transformation inspir\u00e9es par notre engagement envers la charit\u00e9, la protection de l'environnement et le d\u00e9veloppement scientifique.\",\"breadcrumb\":{\"@id\":\"https:\/\/camillaofbourbonfoundation.org\/fr\/blog\/#breadcrumb\"},\"inLanguage\":\"fr-FR\",\"potentialAction\":[{\"@type\":\"ReadAction\",\"target\":[\"https:\/\/camillaofbourbonfoundation.org\/fr\/blog\/\"]}]},{\"@type\":\"ImageObject\",\"inLanguage\":\"fr-FR\",\"@id\":\"https:\/\/camillaofbourbonfoundation.org\/fr\/blog\/#primaryimage\",\"url\":\"https:\/\/camillaofbourbonfoundation.org\/wp-content\/uploads\/2025\/01\/Princess-Camilla-of-Bourbon-Charitable-Foundation-otguhig9ke7ztiq91s9simlrqp4lbi1akn07n2r6xc.jpg\",\"contentUrl\":\"https:\/\/camillaofbourbonfoundation.org\/wp-content\/uploads\/2025\/01\/Princess-Camilla-of-Bourbon-Charitable-Foundation-otguhig9ke7ztiq91s9simlrqp4lbi1akn07n2r6xc.jpg\"},{\"@type\":\"BreadcrumbList\",\"@id\":\"https:\/\/camillaofbourbonfoundation.org\/fr\/blog\/#breadcrumb\",\"itemListElement\":[{\"@type\":\"ListItem\",\"position\":1,\"name\":\"Home\",\"item\":\"https:\/\/camillaofbourbonfoundation.org\/fr\/home\/\"},{\"@type\":\"ListItem\",\"position\":2,\"name\":\"Blog\"}]},{\"@type\":\"WebSite\",\"@id\":\"https:\/\/camillaofbourbonfoundation.org\/fr\/#website\",\"url\":\"https:\/\/camillaofbourbonfoundation.org\/fr\/\",\"name\":\"Camilla Of Boubon Foundation\",\"description\":\"\",\"publisher\":{\"@id\":\"https:\/\/camillaofbourbonfoundation.org\/fr\/#organization\"},\"potentialAction\":[{\"@type\":\"SearchAction\",\"target\":{\"@type\":\"EntryPoint\",\"urlTemplate\":\"https:\/\/camillaofbourbonfoundation.org\/fr\/?s={search_term_string}\"},\"query-input\":{\"@type\":\"PropertyValueSpecification\",\"valueRequired\":true,\"valueName\":\"search_term_string\"}}],\"inLanguage\":\"fr-FR\"},{\"@type\":\"Organization\",\"@id\":\"https:\/\/camillaofbourbonfoundation.org\/fr\/#organization\",\"name\":\"Camilla Of Boubon Foundation\",\"url\":\"https:\/\/camillaofbourbonfoundation.org\/fr\/\",\"logo\":{\"@type\":\"ImageObject\",\"inLanguage\":\"fr-FR\",\"@id\":\"https:\/\/camillaofbourbonfoundation.org\/fr\/#\/schema\/logo\/image\/\",\"url\":\"https:\/\/camillaofbourbonfoundation.org\/wp-content\/uploads\/2025\/01\/princess-camilla-of-bourbon-charity-foundation-400-x-80.png\",\"contentUrl\":\"https:\/\/camillaofbourbonfoundation.org\/wp-content\/uploads\/2025\/01\/princess-camilla-of-bourbon-charity-foundation-400-x-80.png\",\"width\":400,\"height\":80,\"caption\":\"Camilla Of Boubon Foundation\"},\"image\":{\"@id\":\"https:\/\/camillaofbourbonfoundation.org\/fr\/#\/schema\/logo\/image\/\"}}]}<\/script>\n<!-- \/ Yoast SEO plugin. -->","yoast_head_json":{"title":"Blog - Camilla Of Boubon Foundation","description":"Blog - \u00c0 travers notre blog, nous partageons des mises \u00e0 jour sur nos projets, des r\u00e9flexions sur les d\u00e9fis mondiaux et des histoires de transformation inspir\u00e9es par notre engagement envers la charit\u00e9, la protection de l'environnement et le d\u00e9veloppement scientifique.","robots":{"index":"index","follow":"follow","max-snippet":"max-snippet:-1","max-image-preview":"max-image-preview:large","max-video-preview":"max-video-preview:-1"},"canonical":"https:\/\/camillaofbourbonfoundation.org\/fr\/blog\/","og_locale":"fr_FR","og_type":"article","og_title":"Blog - Camilla Of Boubon Foundation","og_description":"Blog - \u00c0 travers notre blog, nous partageons des mises \u00e0 jour sur nos projets, des r\u00e9flexions sur les d\u00e9fis mondiaux et des histoires de transformation inspir\u00e9es par notre engagement envers la charit\u00e9, la protection de l'environnement et le d\u00e9veloppement scientifique.","og_url":"https:\/\/camillaofbourbonfoundation.org\/fr\/blog\/","og_site_name":"Camilla Of Boubon Foundation","article_modified_time":"2026-03-05T14:17:00+00:00","og_image":[{"width":200,"height":200,"url":"https:\/\/camillaofbourbonfoundation.org\/wp-content\/uploads\/2025\/01\/Princess-Camilla-of-Bourbon-Charitable-Foundation-otguhig9ke7ztiq91s9simlrqp4lbi1akn07n2r6xc.jpg","type":"image\/jpeg"}],"twitter_card":"summary_large_image","twitter_misc":{"Dur\u00e9e de lecture estim\u00e9e":"1 minute"},"schema":{"@context":"https:\/\/schema.org","@graph":[{"@type":"WebPage","@id":"https:\/\/camillaofbourbonfoundation.org\/fr\/blog\/","url":"https:\/\/camillaofbourbonfoundation.org\/fr\/blog\/","name":"Blog - Camilla Of Boubon Foundation","isPartOf":{"@id":"https:\/\/camillaofbourbonfoundation.org\/fr\/#website"},"primaryImageOfPage":{"@id":"https:\/\/camillaofbourbonfoundation.org\/fr\/blog\/#primaryimage"},"image":{"@id":"https:\/\/camillaofbourbonfoundation.org\/fr\/blog\/#primaryimage"},"thumbnailUrl":"https:\/\/camillaofbourbonfoundation.org\/wp-content\/uploads\/2025\/01\/Princess-Camilla-of-Bourbon-Charitable-Foundation-otguhig9ke7ztiq91s9simlrqp4lbi1akn07n2r6xc.jpg","datePublished":"2025-01-22T11:17:59+00:00","dateModified":"2026-03-05T14:17:00+00:00","description":"Blog - \u00c0 travers notre blog, nous partageons des mises \u00e0 jour sur nos projets, des r\u00e9flexions sur les d\u00e9fis mondiaux et des histoires de transformation inspir\u00e9es par notre engagement envers la charit\u00e9, la protection de l'environnement et le d\u00e9veloppement scientifique.","breadcrumb":{"@id":"https:\/\/camillaofbourbonfoundation.org\/fr\/blog\/#breadcrumb"},"inLanguage":"fr-FR","potentialAction":[{"@type":"ReadAction","target":["https:\/\/camillaofbourbonfoundation.org\/fr\/blog\/"]}]},{"@type":"ImageObject","inLanguage":"fr-FR","@id":"https:\/\/camillaofbourbonfoundation.org\/fr\/blog\/#primaryimage","url":"https:\/\/camillaofbourbonfoundation.org\/wp-content\/uploads\/2025\/01\/Princess-Camilla-of-Bourbon-Charitable-Foundation-otguhig9ke7ztiq91s9simlrqp4lbi1akn07n2r6xc.jpg","contentUrl":"https:\/\/camillaofbourbonfoundation.org\/wp-content\/uploads\/2025\/01\/Princess-Camilla-of-Bourbon-Charitable-Foundation-otguhig9ke7ztiq91s9simlrqp4lbi1akn07n2r6xc.jpg"},{"@type":"BreadcrumbList","@id":"https:\/\/camillaofbourbonfoundation.org\/fr\/blog\/#breadcrumb","itemListElement":[{"@type":"ListItem","position":1,"name":"Home","item":"https:\/\/camillaofbourbonfoundation.org\/fr\/home\/"},{"@type":"ListItem","position":2,"name":"Blog"}]},{"@type":"WebSite","@id":"https:\/\/camillaofbourbonfoundation.org\/fr\/#website","url":"https:\/\/camillaofbourbonfoundation.org\/fr\/","name":"Camilla Of Boubon Foundation","description":"","publisher":{"@id":"https:\/\/camillaofbourbonfoundation.org\/fr\/#organization"},"potentialAction":[{"@type":"SearchAction","target":{"@type":"EntryPoint","urlTemplate":"https:\/\/camillaofbourbonfoundation.org\/fr\/?s={search_term_string}"},"query-input":{"@type":"PropertyValueSpecification","valueRequired":true,"valueName":"search_term_string"}}],"inLanguage":"fr-FR"},{"@type":"Organization","@id":"https:\/\/camillaofbourbonfoundation.org\/fr\/#organization","name":"Camilla Of Boubon Foundation","url":"https:\/\/camillaofbourbonfoundation.org\/fr\/","logo":{"@type":"ImageObject","inLanguage":"fr-FR","@id":"https:\/\/camillaofbourbonfoundation.org\/fr\/#\/schema\/logo\/image\/","url":"https:\/\/camillaofbourbonfoundation.org\/wp-content\/uploads\/2025\/01\/princess-camilla-of-bourbon-charity-foundation-400-x-80.png","contentUrl":"https:\/\/camillaofbourbonfoundation.org\/wp-content\/uploads\/2025\/01\/princess-camilla-of-bourbon-charity-foundation-400-x-80.png","width":400,"height":80,"caption":"Camilla Of Boubon Foundation"},"image":{"@id":"https:\/\/camillaofbourbonfoundation.org\/fr\/#\/schema\/logo\/image\/"}}]}},"_links":{"self":[{"href":"https:\/\/camillaofbourbonfoundation.org\/fr\/wp-json\/wp\/v2\/pages\/2293","targetHints":{"allow":["GET"]}}],"collection":[{"href":"https:\/\/camillaofbourbonfoundation.org\/fr\/wp-json\/wp\/v2\/pages"}],"about":[{"href":"https:\/\/camillaofbourbonfoundation.org\/fr\/wp-json\/wp\/v2\/types\/page"}],"author":[{"embeddable":true,"href":"https:\/\/camillaofbourbonfoundation.org\/fr\/wp-json\/wp\/v2\/users\/1"}],"replies":[{"embeddable":true,"href":"https:\/\/camillaofbourbonfoundation.org\/fr\/wp-json\/wp\/v2\/comments?post=2293"}],"version-history":[{"count":2,"href":"https:\/\/camillaofbourbonfoundation.org\/fr\/wp-json\/wp\/v2\/pages\/2293\/revisions"}],"predecessor-version":[{"id":3569,"href":"https:\/\/camillaofbourbonfoundation.org\/fr\/wp-json\/wp\/v2\/pages\/2293\/revisions\/3569"}],"wp:attachment":[{"href":"https:\/\/camillaofbourbonfoundation.org\/fr\/wp-json\/wp\/v2\/media?parent=2293"}],"curies":[{"name":"wp","href":"https:\/\/api.w.org\/{rel}","templated":true}]}}