{"id":2297,"date":"2025-01-22T11:17:59","date_gmt":"2025-01-22T11:17:59","guid":{"rendered":"https:\/\/new.camillaofbourbonfoundation.org\/contact\/"},"modified":"2025-09-24T18:02:46","modified_gmt":"2025-09-24T18:02:46","slug":"contact","status":"publish","type":"page","link":"https:\/\/camillaofbourbonfoundation.org\/fr\/contact\/","title":{"rendered":"Contact"},"content":{"rendered":"\t\t<div data-elementor-type=\"wp-page\" data-elementor-id=\"2297\" class=\"elementor elementor-2297 elementor-91\" data-elementor-post-type=\"page\">\n\t\t\t\t\t\t<section class=\"elementor-section elementor-top-section elementor-element elementor-element-18b8d0e9 elementor-section-height-min-height elementor-section-boxed elementor-section-height-default elementor-section-items-middle\" data-id=\"18b8d0e9\" data-element_type=\"section\" data-settings=\"{&quot;background_background&quot;:&quot;video&quot;,&quot;background_video_link&quot;:&quot;https:\\\/\\\/camillaofbourbonfoundation.org\\\/wp-content\\\/uploads\\\/2025\\\/01\\\/video-sfondo-onde-2.mp4&quot;,&quot;background_play_on_mobile&quot;:&quot;yes&quot;}\">\n\t\t\t\t\t\t\t\t<div class=\"elementor-background-video-container\">\n\t\t\t\t\t\t\t\t\t\t\t\t\t<video class=\"elementor-background-video-hosted\" autoplay muted playsinline loop><\/video>\n\t\t\t\t\t\t\t\t\t\t\t<\/div>\n\t\t\t\t\t\t\t\t\t<div class=\"elementor-background-overlay\"><\/div>\n\t\t\t\t\t\t\t<div class=\"elementor-container elementor-column-gap-default\">\n\t\t\t\t\t<div class=\"elementor-column elementor-col-100 elementor-top-column elementor-element elementor-element-7bee0f53\" data-id=\"7bee0f53\" data-element_type=\"column\">\n\t\t\t<div class=\"elementor-widget-wrap elementor-element-populated\">\n\t\t\t\t\t\t<div class=\"elementor-element elementor-element-6586c3bd elementor-widget elementor-widget-heading\" data-id=\"6586c3bd\" data-element_type=\"widget\" data-widget_type=\"heading.default\">\n\t\t\t\t<div class=\"elementor-widget-container\">\n\t\t\t\t\t<h2 class=\"elementor-heading-title elementor-size-default\">Contact<\/h2>\t\t\t\t<\/div>\n\t\t\t\t<\/div>\n\t\t\t\t\t<\/div>\n\t\t<\/div>\n\t\t\t\t\t<\/div>\n\t\t<\/section>\n\t\t\t\t<section class=\"elementor-section elementor-top-section elementor-element elementor-element-2ceff059 elementor-section-boxed elementor-section-height-default elementor-section-height-default\" data-id=\"2ceff059\" data-element_type=\"section\">\n\t\t\t\t\t\t<div class=\"elementor-container elementor-column-gap-default\">\n\t\t\t\t\t<div class=\"elementor-column elementor-col-50 elementor-top-column elementor-element elementor-element-5493a9c5\" data-id=\"5493a9c5\" data-element_type=\"column\">\n\t\t\t<div class=\"elementor-widget-wrap elementor-element-populated\">\n\t\t\t\t\t\t<div class=\"elementor-element elementor-element-65038939 elementor-widget elementor-widget-heading\" data-id=\"65038939\" data-element_type=\"widget\" data-widget_type=\"heading.default\">\n\t\t\t\t<div class=\"elementor-widget-container\">\n\t\t\t\t\t<h2 class=\"elementor-heading-title elementor-size-default\">ROME<\/h2>\t\t\t\t<\/div>\n\t\t\t\t<\/div>\n\t\t\t\t<div class=\"elementor-element elementor-element-0846a65 elementor-hidden-desktop elementor-hidden-tablet elementor-hidden-mobile elementor-widget elementor-widget-text-editor\" data-id=\"0846a65\" data-element_type=\"widget\" data-widget_type=\"text-editor.default\">\n\t\t\t\t<div class=\"elementor-widget-container\">\n\t\t\t\t\t\t\t\t\t<p>Contactez-nous &#8211; apex Group6th Floor, Two Tribeca, Tribeca Central,Trianon 72261, Mauritiusv4, Via Giosu\u00e9 Carducci \u2013 00187 Rome<\/p><p><a href=\"https:\/\/camillaofbourbon.com\/princess-camilla-of-bourbon-charitable-foundation\/\" target=\"_blank\" rel=\"noopener\">camillaofbourbon.com<\/a><\/p><p><a href=\"https:\/\/camillaofbourbonfoundation.org\/fr\/mission\/\">mission<\/a><\/p><p>Le but de la Princess Camilla Of Bourbon Charitable Foundation est de soutenir toute cause caritative, technique ou \u00e9ducative, en mettant l&rsquo;accent sur la protection de l&rsquo;environnement et la promotion du d\u00e9veloppement scientifique dans les march\u00e9s \u00e9mergents. La raison pour laquelle j&rsquo;ai choisi l&rsquo;\u00eele Maurice est que j&rsquo;y viens depuis 20 ans ; bien que cet endroit soit une seconde maison pour moi, ce qui est fondamentalement important, c&rsquo;est que cette localisation strat\u00e9gique permet d&rsquo;acc\u00e9der aux r\u00e9gions de l&rsquo;Afrique, du Moyen-Orient, de l&rsquo;Asie du Sud et de l&rsquo;Asie de l&rsquo;Est, afin d&rsquo;\u00e9largir la port\u00e9e de la fondation et d&rsquo;atteindre l&rsquo;impact le plus \u00e9lev\u00e9 dans l&rsquo;accomplissement de sa mission.<\/p><p>L&rsquo;intention est de cr\u00e9er un impact imm\u00e9diat et incisif, et la gravit\u00e9 de notre engagement est clairement d\u00e9montr\u00e9e par le fort soutien de l&rsquo;\u00c9tat que nous avons demand\u00e9 et re\u00e7u pour faciliter les activit\u00e9s en cours de la fondation. Je tiens \u00e0 exprimer ma gratitude \u00e0 l&rsquo;ancien et au actuel Premier ministre, que j&rsquo;ai eu le plaisir de rencontrer r\u00e9cemment, ainsi qu&rsquo;au Ministre de l&rsquo;Environnement. <\/p><p>En plus de plusieurs projets environnementaux et de d\u00e9veloppement durable sur lesquels nous travaillons d\u00e9j\u00e0 en collaboration avec le gouvernement de l&rsquo;\u00eele Maurice, nous promouvons \u00e9galement un autre domaine qui m&rsquo;est cher en tant que Pr\u00e9sident actuel de Les Amis du Centre Scientifique de Monaco, \u00e0 savoir la diffusion d&rsquo;une culture scientifique et du savoir-faire technique aupr\u00e8s de la nouvelle g\u00e9n\u00e9ration.<\/p>\t\t\t\t\t\t\t\t<\/div>\n\t\t\t\t<\/div>\n\t\t\t\t<div class=\"elementor-element elementor-element-0268d1b elementor-hidden-desktop elementor-hidden-tablet elementor-hidden-mobile elementor-widget elementor-widget-image\" data-id=\"0268d1b\" data-element_type=\"widget\" data-widget_type=\"image.default\">\n\t\t\t\t<div class=\"elementor-widget-container\">\n\t\t\t\t\t\t\t\t\t\t\t\t\t\t\t<img decoding=\"async\" width=\"200\" height=\"200\" src=\"https:\/\/camillaofbourbonfoundation.org\/wp-content\/uploads\/2025\/01\/Princess-Camilla-of-Bourbon-Charitable-Foundation-otguhig9ke7ztiq91s9simlrqp4lbi1akn07n2r6xc.jpg\" class=\"attachment-large size-large wp-image-542\" alt=\"\" srcset=\"https:\/\/camillaofbourbonfoundation.org\/wp-content\/uploads\/2025\/01\/Princess-Camilla-of-Bourbon-Charitable-Foundation-otguhig9ke7ztiq91s9simlrqp4lbi1akn07n2r6xc.jpg 200w, https:\/\/camillaofbourbonfoundation.org\/wp-content\/uploads\/2025\/01\/Princess-Camilla-of-Bourbon-Charitable-Foundation-otguhig9ke7ztiq91s9simlrqp4lbi1akn07n2r6xc-150x150.jpg 150w\" sizes=\"(max-width: 200px) 100vw, 200px\" \/>\t\t\t\t\t\t\t\t\t\t\t\t\t\t\t<\/div>\n\t\t\t\t<\/div>\n\t\t\t\t<section class=\"elementor-section elementor-inner-section elementor-element elementor-element-14b97e68 elementor-section-boxed elementor-section-height-default elementor-section-height-default\" data-id=\"14b97e68\" data-element_type=\"section\">\n\t\t\t\t\t\t<div class=\"elementor-container elementor-column-gap-default\">\n\t\t\t\t\t<div class=\"elementor-column elementor-col-100 elementor-inner-column elementor-element elementor-element-6f42c4bf\" data-id=\"6f42c4bf\" data-element_type=\"column\">\n\t\t\t<div class=\"elementor-widget-wrap elementor-element-populated\">\n\t\t\t\t\t\t<div class=\"elementor-element elementor-element-1e45df45 elementor-position-left elementor-position-left elementor-vertical-align-top elementor-vertical-align-top elementor-widget elementor-widget-image-box\" data-id=\"1e45df45\" data-element_type=\"widget\" data-widget_type=\"image-box.default\">\n\t\t\t\t<div class=\"elementor-widget-container\">\n\t\t\t\t\t<div class=\"elementor-image-box-wrapper\"><figure class=\"elementor-image-box-img\"><img fetchpriority=\"high\" decoding=\"async\" width=\"300\" height=\"300\" src=\"https:\/\/camillaofbourbonfoundation.org\/wp-content\/uploads\/2025\/02\/tel.png\" class=\"attachment-full size-full wp-image-978\" alt=\"\" srcset=\"https:\/\/camillaofbourbonfoundation.org\/wp-content\/uploads\/2025\/02\/tel.png 300w, https:\/\/camillaofbourbonfoundation.org\/wp-content\/uploads\/2025\/02\/tel-150x150.png 150w\" sizes=\"(max-width: 300px) 100vw, 300px\" \/><\/figure><div class=\"elementor-image-box-content\"><h4 class=\"elementor-image-box-title\">Num\u00e9ro de t\u00e9l\u00e9phone<\/h4><p class=\"elementor-image-box-description\">+39 06 4741190<\/p><\/div><\/div>\t\t\t\t<\/div>\n\t\t\t\t<\/div>\n\t\t\t\t<div class=\"elementor-element elementor-element-4903f433 elementor-position-left elementor-position-left elementor-vertical-align-top elementor-vertical-align-top elementor-widget elementor-widget-image-box\" data-id=\"4903f433\" data-element_type=\"widget\" data-widget_type=\"image-box.default\">\n\t\t\t\t<div class=\"elementor-widget-container\">\n\t\t\t\t\t<div class=\"elementor-image-box-wrapper\"><figure class=\"elementor-image-box-img\"><img decoding=\"async\" width=\"300\" height=\"300\" src=\"https:\/\/camillaofbourbonfoundation.org\/wp-content\/uploads\/2025\/02\/pin.png\" class=\"attachment-full size-full wp-image-979\" alt=\"\" srcset=\"https:\/\/camillaofbourbonfoundation.org\/wp-content\/uploads\/2025\/02\/pin.png 300w, https:\/\/camillaofbourbonfoundation.org\/wp-content\/uploads\/2025\/02\/pin-150x150.png 150w\" sizes=\"(max-width: 300px) 100vw, 300px\" \/><\/figure><div class=\"elementor-image-box-content\"><h4 class=\"elementor-image-box-title\">Adresse<\/h4><p class=\"elementor-image-box-description\"> 4, Via Giosu\u00e9 Carducci \u2013 00187 Rome<\/p><\/div><\/div>\t\t\t\t<\/div>\n\t\t\t\t<\/div>\n\t\t\t\t<div class=\"elementor-element elementor-element-d5cf018 elementor-position-left elementor-position-left elementor-vertical-align-top elementor-vertical-align-top elementor-widget elementor-widget-image-box\" data-id=\"d5cf018\" data-element_type=\"widget\" data-widget_type=\"image-box.default\">\n\t\t\t\t<div class=\"elementor-widget-container\">\n\t\t\t\t\t<div class=\"elementor-image-box-wrapper\"><figure class=\"elementor-image-box-img\"><img loading=\"lazy\" decoding=\"async\" width=\"300\" height=\"300\" src=\"https:\/\/camillaofbourbonfoundation.org\/wp-content\/uploads\/2025\/02\/mail.png\" class=\"attachment-full size-full wp-image-980\" alt=\"\" srcset=\"https:\/\/camillaofbourbonfoundation.org\/wp-content\/uploads\/2025\/02\/mail.png 300w, https:\/\/camillaofbourbonfoundation.org\/wp-content\/uploads\/2025\/02\/mail-150x150.png 150w\" sizes=\"(max-width: 300px) 100vw, 300px\" \/><\/figure><div class=\"elementor-image-box-content\"><h4 class=\"elementor-image-box-title\">Adresse e-mail<\/h4><p class=\"elementor-image-box-description\"><a href=\"mailto:info@camillaofbourbonfoundation.org\">info@camillaofbourbonfoundation.org<\/a><\/p><\/div><\/div>\t\t\t\t<\/div>\n\t\t\t\t<\/div>\n\t\t\t\t\t<\/div>\n\t\t<\/div>\n\t\t\t\t\t<\/div>\n\t\t<\/section>\n\t\t\t\t<div class=\"elementor-element elementor-element-6702d5b elementor-widget elementor-widget-heading\" data-id=\"6702d5b\" data-element_type=\"widget\" data-widget_type=\"heading.default\">\n\t\t\t\t<div class=\"elementor-widget-container\">\n\t\t\t\t\t<h2 class=\"elementor-heading-title elementor-size-default\">MAURITIUS<\/h2>\t\t\t\t<\/div>\n\t\t\t\t<\/div>\n\t\t\t\t<section class=\"elementor-section elementor-inner-section elementor-element elementor-element-38eb822 elementor-section-boxed elementor-section-height-default elementor-section-height-default\" data-id=\"38eb822\" data-element_type=\"section\">\n\t\t\t\t\t\t<div class=\"elementor-container elementor-column-gap-default\">\n\t\t\t\t\t<div class=\"elementor-column elementor-col-100 elementor-inner-column elementor-element elementor-element-2ebdf03\" data-id=\"2ebdf03\" data-element_type=\"column\">\n\t\t\t<div class=\"elementor-widget-wrap elementor-element-populated\">\n\t\t\t\t\t\t<div class=\"elementor-element elementor-element-44e8376 elementor-position-left elementor-position-left elementor-vertical-align-top elementor-vertical-align-top elementor-widget elementor-widget-image-box\" data-id=\"44e8376\" data-element_type=\"widget\" data-widget_type=\"image-box.default\">\n\t\t\t\t<div class=\"elementor-widget-container\">\n\t\t\t\t\t<div class=\"elementor-image-box-wrapper\"><figure class=\"elementor-image-box-img\"><img decoding=\"async\" width=\"300\" height=\"300\" src=\"https:\/\/camillaofbourbonfoundation.org\/wp-content\/uploads\/2025\/02\/pin.png\" class=\"attachment-full size-full wp-image-979\" alt=\"\" srcset=\"https:\/\/camillaofbourbonfoundation.org\/wp-content\/uploads\/2025\/02\/pin.png 300w, https:\/\/camillaofbourbonfoundation.org\/wp-content\/uploads\/2025\/02\/pin-150x150.png 150w\" sizes=\"(max-width: 300px) 100vw, 300px\" \/><\/figure><div class=\"elementor-image-box-content\"><h4 class=\"elementor-image-box-title\">Adresse<\/h4><p class=\"elementor-image-box-description\">Axis Fiduciary Ltd<br>\n2nd Floor, The AXI<br>\n26 Bank Street, Cybercity,<br>\nEbene 72201, Mauritius<br>\nT: (+230) 403 2500 <br><\/p><\/div><\/div>\t\t\t\t<\/div>\n\t\t\t\t<\/div>\n\t\t\t\t<div class=\"elementor-element elementor-element-cde28ea elementor-position-left elementor-position-left elementor-vertical-align-top elementor-vertical-align-top elementor-widget elementor-widget-image-box\" data-id=\"cde28ea\" data-element_type=\"widget\" data-widget_type=\"image-box.default\">\n\t\t\t\t<div class=\"elementor-widget-container\">\n\t\t\t\t\t<div class=\"elementor-image-box-wrapper\"><figure class=\"elementor-image-box-img\"><img loading=\"lazy\" decoding=\"async\" width=\"300\" height=\"300\" src=\"https:\/\/camillaofbourbonfoundation.org\/wp-content\/uploads\/2025\/02\/mail.png\" class=\"attachment-full size-full wp-image-980\" alt=\"\" srcset=\"https:\/\/camillaofbourbonfoundation.org\/wp-content\/uploads\/2025\/02\/mail.png 300w, https:\/\/camillaofbourbonfoundation.org\/wp-content\/uploads\/2025\/02\/mail-150x150.png 150w\" sizes=\"(max-width: 300px) 100vw, 300px\" \/><\/figure><div class=\"elementor-image-box-content\"><h4 class=\"elementor-image-box-title\">Adresse e-mail<\/h4><p class=\"elementor-image-box-description\"><a href=\"mailto:Lana.SoWanYuen@axis.mu\">Lana.SoWanYuen@axis.mu<\/a><\/p><\/div><\/div>\t\t\t\t<\/div>\n\t\t\t\t<\/div>\n\t\t\t\t\t<\/div>\n\t\t<\/div>\n\t\t\t\t\t<\/div>\n\t\t<\/section>\n\t\t\t\t\t<\/div>\n\t\t<\/div>\n\t\t\t\t<div class=\"elementor-column elementor-col-50 elementor-top-column elementor-element elementor-element-23941062\" data-id=\"23941062\" data-element_type=\"column\" data-settings=\"{&quot;background_background&quot;:&quot;classic&quot;}\">\n\t\t\t<div class=\"elementor-widget-wrap elementor-element-populated\">\n\t\t\t\t\t<div class=\"elementor-background-overlay\"><\/div>\n\t\t\t\t\t\t<div class=\"elementor-element elementor-element-1b12b66f elementor-widget elementor-widget-google_maps\" data-id=\"1b12b66f\" data-element_type=\"widget\" data-widget_type=\"google_maps.default\">\n\t\t\t\t<div class=\"elementor-widget-container\">\n\t\t\t\t\t\t\t<div class=\"elementor-custom-embed\">\n\t\t\t<iframe loading=\"lazy\"\n\t\t\t\t\tsrc=\"https:\/\/maps.google.com\/maps?q=apex%20Group%206th%20Floor%2C%20Two%20Tribeca%2C%20Tribeca%20Central%2C%20Trianon%2072261%2C%20Mauritius&#038;t=m&#038;z=11&#038;output=embed&#038;iwloc=near\"\n\t\t\t\t\ttitle=\"apex Group 6th Floor, Two Tribeca, Tribeca Central, Trianon 72261, Mauritius\"\n\t\t\t\t\taria-label=\"apex Group 6th Floor, Two Tribeca, Tribeca Central, Trianon 72261, Mauritius\"\n\t\t\t><\/iframe>\n\t\t<\/div>\n\t\t\t\t\t\t<\/div>\n\t\t\t\t<\/div>\n\t\t\t\t\t<\/div>\n\t\t<\/div>\n\t\t\t\t\t<\/div>\n\t\t<\/section>\n\t\t\t\t<\/div>\n\t\t","protected":false},"excerpt":{"rendered":"<p>Contact ROME Contactez-nous &#8211; apex Group6th Floor, Two Tribeca, Tribeca Central,Trianon 72261, Mauritiusv4, Via Giosu\u00e9 Carducci \u2013 00187 Rome camillaofbourbon.com mission Le but de la Princess Camilla Of Bourbon Charitable Foundation est de soutenir toute cause caritative, technique ou \u00e9ducative, en mettant l&rsquo;accent sur la protection de l&rsquo;environnement et la promotion du d\u00e9veloppement scientifique dans [&hellip;]<\/p>\n","protected":false},"author":1,"featured_media":0,"parent":0,"menu_order":0,"comment_status":"closed","ping_status":"closed","template":"elementor_header_footer","meta":{"footnotes":""},"class_list":["post-2297","page","type-page","status-publish","hentry"],"yoast_head":"<!-- This site is optimized with the Yoast SEO plugin v24.8.1 - https:\/\/yoast.com\/wordpress\/plugins\/seo\/ -->\n<title>Contactez-nous - Camilla Of Boubon Foundation<\/title>\n<meta name=\"description\" content=\"Contactez-nous - apex Group6th Floor, Two Tribeca, Tribeca Central,Trianon 72261, Mauritiusv4, Via Giosu\u00e9 Carducci \u2013 00187 Rome\" \/>\n<meta name=\"robots\" content=\"index, follow, max-snippet:-1, max-image-preview:large, max-video-preview:-1\" \/>\n<link rel=\"canonical\" href=\"https:\/\/camillaofbourbonfoundation.org\/fr\/contact\/\" \/>\n<meta property=\"og:locale\" content=\"fr_FR\" \/>\n<meta property=\"og:type\" content=\"article\" \/>\n<meta property=\"og:title\" content=\"Contactez-nous - Camilla Of Boubon Foundation\" \/>\n<meta property=\"og:description\" content=\"Contactez-nous - apex Group6th Floor, Two Tribeca, Tribeca Central,Trianon 72261, Mauritiusv4, Via Giosu\u00e9 Carducci \u2013 00187 Rome\" \/>\n<meta property=\"og:url\" content=\"https:\/\/camillaofbourbonfoundation.org\/fr\/contact\/\" \/>\n<meta property=\"og:site_name\" content=\"Camilla Of Boubon Foundation\" \/>\n<meta property=\"article:modified_time\" content=\"2025-09-24T18:02:46+00:00\" \/>\n<meta property=\"og:image\" content=\"https:\/\/camillaofbourbonfoundation.org\/wp-content\/uploads\/2025\/01\/Princess-Camilla-of-Bourbon-Charitable-Foundation-otguhig9ke7ztiq91s9simlrqp4lbi1akn07n2r6xc.jpg\" \/>\n\t<meta property=\"og:image:width\" content=\"200\" \/>\n\t<meta property=\"og:image:height\" content=\"200\" \/>\n\t<meta property=\"og:image:type\" content=\"image\/jpeg\" \/>\n<meta name=\"twitter:card\" content=\"summary_large_image\" \/>\n<meta name=\"twitter:label1\" content=\"Dur\u00e9e de lecture estim\u00e9e\" \/>\n\t<meta name=\"twitter:data1\" content=\"3 minutes\" \/>\n<script type=\"application\/ld+json\" class=\"yoast-schema-graph\">{\"@context\":\"https:\/\/schema.org\",\"@graph\":[{\"@type\":\"WebPage\",\"@id\":\"https:\/\/camillaofbourbonfoundation.org\/fr\/contact\/\",\"url\":\"https:\/\/camillaofbourbonfoundation.org\/fr\/contact\/\",\"name\":\"Contactez-nous - Camilla Of Boubon Foundation\",\"isPartOf\":{\"@id\":\"https:\/\/camillaofbourbonfoundation.org\/fr\/#website\"},\"primaryImageOfPage\":{\"@id\":\"https:\/\/camillaofbourbonfoundation.org\/fr\/contact\/#primaryimage\"},\"image\":{\"@id\":\"https:\/\/camillaofbourbonfoundation.org\/fr\/contact\/#primaryimage\"},\"thumbnailUrl\":\"https:\/\/camillaofbourbonfoundation.org\/wp-content\/uploads\/2025\/01\/Princess-Camilla-of-Bourbon-Charitable-Foundation-otguhig9ke7ztiq91s9simlrqp4lbi1akn07n2r6xc.jpg\",\"datePublished\":\"2025-01-22T11:17:59+00:00\",\"dateModified\":\"2025-09-24T18:02:46+00:00\",\"description\":\"Contactez-nous - apex Group6th Floor, Two Tribeca, Tribeca Central,Trianon 72261, Mauritiusv4, Via Giosu\u00e9 Carducci \u2013 00187 Rome\",\"breadcrumb\":{\"@id\":\"https:\/\/camillaofbourbonfoundation.org\/fr\/contact\/#breadcrumb\"},\"inLanguage\":\"fr-FR\",\"potentialAction\":[{\"@type\":\"ReadAction\",\"target\":[\"https:\/\/camillaofbourbonfoundation.org\/fr\/contact\/\"]}]},{\"@type\":\"ImageObject\",\"inLanguage\":\"fr-FR\",\"@id\":\"https:\/\/camillaofbourbonfoundation.org\/fr\/contact\/#primaryimage\",\"url\":\"https:\/\/camillaofbourbonfoundation.org\/wp-content\/uploads\/2025\/01\/Princess-Camilla-of-Bourbon-Charitable-Foundation-otguhig9ke7ztiq91s9simlrqp4lbi1akn07n2r6xc.jpg\",\"contentUrl\":\"https:\/\/camillaofbourbonfoundation.org\/wp-content\/uploads\/2025\/01\/Princess-Camilla-of-Bourbon-Charitable-Foundation-otguhig9ke7ztiq91s9simlrqp4lbi1akn07n2r6xc.jpg\"},{\"@type\":\"BreadcrumbList\",\"@id\":\"https:\/\/camillaofbourbonfoundation.org\/fr\/contact\/#breadcrumb\",\"itemListElement\":[{\"@type\":\"ListItem\",\"position\":1,\"name\":\"Home\",\"item\":\"https:\/\/camillaofbourbonfoundation.org\/fr\/home\/\"},{\"@type\":\"ListItem\",\"position\":2,\"name\":\"Contact\"}]},{\"@type\":\"WebSite\",\"@id\":\"https:\/\/camillaofbourbonfoundation.org\/fr\/#website\",\"url\":\"https:\/\/camillaofbourbonfoundation.org\/fr\/\",\"name\":\"Camilla Of Boubon Foundation\",\"description\":\"\",\"publisher\":{\"@id\":\"https:\/\/camillaofbourbonfoundation.org\/fr\/#organization\"},\"potentialAction\":[{\"@type\":\"SearchAction\",\"target\":{\"@type\":\"EntryPoint\",\"urlTemplate\":\"https:\/\/camillaofbourbonfoundation.org\/fr\/?s={search_term_string}\"},\"query-input\":{\"@type\":\"PropertyValueSpecification\",\"valueRequired\":true,\"valueName\":\"search_term_string\"}}],\"inLanguage\":\"fr-FR\"},{\"@type\":\"Organization\",\"@id\":\"https:\/\/camillaofbourbonfoundation.org\/fr\/#organization\",\"name\":\"Camilla Of Boubon Foundation\",\"url\":\"https:\/\/camillaofbourbonfoundation.org\/fr\/\",\"logo\":{\"@type\":\"ImageObject\",\"inLanguage\":\"fr-FR\",\"@id\":\"https:\/\/camillaofbourbonfoundation.org\/fr\/#\/schema\/logo\/image\/\",\"url\":\"https:\/\/camillaofbourbonfoundation.org\/wp-content\/uploads\/2025\/01\/princess-camilla-of-bourbon-charity-foundation-400-x-80.png\",\"contentUrl\":\"https:\/\/camillaofbourbonfoundation.org\/wp-content\/uploads\/2025\/01\/princess-camilla-of-bourbon-charity-foundation-400-x-80.png\",\"width\":400,\"height\":80,\"caption\":\"Camilla Of Boubon Foundation\"},\"image\":{\"@id\":\"https:\/\/camillaofbourbonfoundation.org\/fr\/#\/schema\/logo\/image\/\"}}]}<\/script>\n<!-- \/ Yoast SEO plugin. -->","yoast_head_json":{"title":"Contactez-nous - Camilla Of Boubon Foundation","description":"Contactez-nous - apex Group6th Floor, Two Tribeca, Tribeca Central,Trianon 72261, Mauritiusv4, Via Giosu\u00e9 Carducci \u2013 00187 Rome","robots":{"index":"index","follow":"follow","max-snippet":"max-snippet:-1","max-image-preview":"max-image-preview:large","max-video-preview":"max-video-preview:-1"},"canonical":"https:\/\/camillaofbourbonfoundation.org\/fr\/contact\/","og_locale":"fr_FR","og_type":"article","og_title":"Contactez-nous - Camilla Of Boubon Foundation","og_description":"Contactez-nous - apex Group6th Floor, Two Tribeca, Tribeca Central,Trianon 72261, Mauritiusv4, Via Giosu\u00e9 Carducci \u2013 00187 Rome","og_url":"https:\/\/camillaofbourbonfoundation.org\/fr\/contact\/","og_site_name":"Camilla Of Boubon Foundation","article_modified_time":"2025-09-24T18:02:46+00:00","og_image":[{"width":200,"height":200,"url":"https:\/\/camillaofbourbonfoundation.org\/wp-content\/uploads\/2025\/01\/Princess-Camilla-of-Bourbon-Charitable-Foundation-otguhig9ke7ztiq91s9simlrqp4lbi1akn07n2r6xc.jpg","type":"image\/jpeg"}],"twitter_card":"summary_large_image","twitter_misc":{"Dur\u00e9e de lecture estim\u00e9e":"3 minutes"},"schema":{"@context":"https:\/\/schema.org","@graph":[{"@type":"WebPage","@id":"https:\/\/camillaofbourbonfoundation.org\/fr\/contact\/","url":"https:\/\/camillaofbourbonfoundation.org\/fr\/contact\/","name":"Contactez-nous - Camilla Of Boubon Foundation","isPartOf":{"@id":"https:\/\/camillaofbourbonfoundation.org\/fr\/#website"},"primaryImageOfPage":{"@id":"https:\/\/camillaofbourbonfoundation.org\/fr\/contact\/#primaryimage"},"image":{"@id":"https:\/\/camillaofbourbonfoundation.org\/fr\/contact\/#primaryimage"},"thumbnailUrl":"https:\/\/camillaofbourbonfoundation.org\/wp-content\/uploads\/2025\/01\/Princess-Camilla-of-Bourbon-Charitable-Foundation-otguhig9ke7ztiq91s9simlrqp4lbi1akn07n2r6xc.jpg","datePublished":"2025-01-22T11:17:59+00:00","dateModified":"2025-09-24T18:02:46+00:00","description":"Contactez-nous - apex Group6th Floor, Two Tribeca, Tribeca Central,Trianon 72261, Mauritiusv4, Via Giosu\u00e9 Carducci \u2013 00187 Rome","breadcrumb":{"@id":"https:\/\/camillaofbourbonfoundation.org\/fr\/contact\/#breadcrumb"},"inLanguage":"fr-FR","potentialAction":[{"@type":"ReadAction","target":["https:\/\/camillaofbourbonfoundation.org\/fr\/contact\/"]}]},{"@type":"ImageObject","inLanguage":"fr-FR","@id":"https:\/\/camillaofbourbonfoundation.org\/fr\/contact\/#primaryimage","url":"https:\/\/camillaofbourbonfoundation.org\/wp-content\/uploads\/2025\/01\/Princess-Camilla-of-Bourbon-Charitable-Foundation-otguhig9ke7ztiq91s9simlrqp4lbi1akn07n2r6xc.jpg","contentUrl":"https:\/\/camillaofbourbonfoundation.org\/wp-content\/uploads\/2025\/01\/Princess-Camilla-of-Bourbon-Charitable-Foundation-otguhig9ke7ztiq91s9simlrqp4lbi1akn07n2r6xc.jpg"},{"@type":"BreadcrumbList","@id":"https:\/\/camillaofbourbonfoundation.org\/fr\/contact\/#breadcrumb","itemListElement":[{"@type":"ListItem","position":1,"name":"Home","item":"https:\/\/camillaofbourbonfoundation.org\/fr\/home\/"},{"@type":"ListItem","position":2,"name":"Contact"}]},{"@type":"WebSite","@id":"https:\/\/camillaofbourbonfoundation.org\/fr\/#website","url":"https:\/\/camillaofbourbonfoundation.org\/fr\/","name":"Camilla Of Boubon Foundation","description":"","publisher":{"@id":"https:\/\/camillaofbourbonfoundation.org\/fr\/#organization"},"potentialAction":[{"@type":"SearchAction","target":{"@type":"EntryPoint","urlTemplate":"https:\/\/camillaofbourbonfoundation.org\/fr\/?s={search_term_string}"},"query-input":{"@type":"PropertyValueSpecification","valueRequired":true,"valueName":"search_term_string"}}],"inLanguage":"fr-FR"},{"@type":"Organization","@id":"https:\/\/camillaofbourbonfoundation.org\/fr\/#organization","name":"Camilla Of Boubon Foundation","url":"https:\/\/camillaofbourbonfoundation.org\/fr\/","logo":{"@type":"ImageObject","inLanguage":"fr-FR","@id":"https:\/\/camillaofbourbonfoundation.org\/fr\/#\/schema\/logo\/image\/","url":"https:\/\/camillaofbourbonfoundation.org\/wp-content\/uploads\/2025\/01\/princess-camilla-of-bourbon-charity-foundation-400-x-80.png","contentUrl":"https:\/\/camillaofbourbonfoundation.org\/wp-content\/uploads\/2025\/01\/princess-camilla-of-bourbon-charity-foundation-400-x-80.png","width":400,"height":80,"caption":"Camilla Of Boubon Foundation"},"image":{"@id":"https:\/\/camillaofbourbonfoundation.org\/fr\/#\/schema\/logo\/image\/"}}]}},"_links":{"self":[{"href":"https:\/\/camillaofbourbonfoundation.org\/fr\/wp-json\/wp\/v2\/pages\/2297","targetHints":{"allow":["GET"]}}],"collection":[{"href":"https:\/\/camillaofbourbonfoundation.org\/fr\/wp-json\/wp\/v2\/pages"}],"about":[{"href":"https:\/\/camillaofbourbonfoundation.org\/fr\/wp-json\/wp\/v2\/types\/page"}],"author":[{"embeddable":true,"href":"https:\/\/camillaofbourbonfoundation.org\/fr\/wp-json\/wp\/v2\/users\/1"}],"replies":[{"embeddable":true,"href":"https:\/\/camillaofbourbonfoundation.org\/fr\/wp-json\/wp\/v2\/comments?post=2297"}],"version-history":[{"count":5,"href":"https:\/\/camillaofbourbonfoundation.org\/fr\/wp-json\/wp\/v2\/pages\/2297\/revisions"}],"predecessor-version":[{"id":3375,"href":"https:\/\/camillaofbourbonfoundation.org\/fr\/wp-json\/wp\/v2\/pages\/2297\/revisions\/3375"}],"wp:attachment":[{"href":"https:\/\/camillaofbourbonfoundation.org\/fr\/wp-json\/wp\/v2\/media?parent=2297"}],"curies":[{"name":"wp","href":"https:\/\/api.w.org\/{rel}","templated":true}]}}